{"id":6218,"date":"2024-09-19T15:23:53","date_gmt":"2024-09-19T12:23:53","guid":{"rendered":"https:\/\/petityu.com\/pembe-kaktus-desenli-mayo-ve-sac-bandi-kiz-cocuk-bebek-mayo-ve-bant\/"},"modified":"2026-02-26T14:55:40","modified_gmt":"2026-02-26T11:55:40","slug":"pembe-kaktus-desenli-mayo-ve-sac-bandi-kiz-cocuk-bebek-mayo-ve-bant","status":"publish","type":"product","link":"https:\/\/petityu.com\/en\/pembe-kaktus-desenli-mayo-ve-sac-bandi-kiz-cocuk-bebek-mayo-ve-bant\/","title":{"rendered":"Petityu Pembe Kaktus Desenli Mayo Ve Sa\u00e7 Band\u0131- K\u0131z \u00c7ocuk Bebek Mayo Ve Bant"},"content":{"rendered":"<p>Kakt\u00fcs deseniyle s\u00fcslenmi\u015f pembe renkli bu bebek mayosu, plajda \u015f\u0131k ve e\u011flenceli bir g\u00f6r\u00fcn\u00fcm sunar.; Bebeklerin hareket \u00f6zg\u00fcrl\u00fc\u011f\u00fcn\u00fc k\u0131s\u0131tlamayan esnek yap\u0131s\u0131, onlar\u0131n y\u00fczme ve oyun aktivitelerini keyifle yapmalar\u0131n\u0131 destekler.; Kolay giyilip \u00e7\u0131kar\u0131labilen ve ayarlanabilir ask\u0131lar\u0131 sayesinde bebeklerinize m\u00fckemmel uyum sa\u011flar.; Ekstra konfor i\u00e7in tasarlanm\u0131\u015f sa\u00e7 band\u0131, bebe\u011finizin sa\u00e7lar\u0131n\u0131 nazik\u00e7e toplar ve sudaki maceralar\u0131nda kayma riskini azalt\u0131r.;<\/p>","protected":false},"excerpt":{"rendered":"<p>Kakt\u00fcs deseniyle s\u00fcslenmi\u015f pembe renkli bu bebek mayosu, plajda \u015f\u0131k ve e\u011flenceli bir g\u00f6r\u00fcn\u00fcm sunar.; Bebeklerin hareket \u00f6zg\u00fcrl\u00fc\u011f\u00fcn\u00fc k\u0131s\u0131tlamayan esnek yap\u0131s\u0131, onlar\u0131n y\u00fczme ve oyun&hellip;<\/p>","protected":false},"featured_media":6216,"template":"","meta":[],"product_brand":[],"product_cat":[15,935,974],"product_tag":[],"class_list":{"0":"post-6218","1":"product","2":"type-product","3":"status-publish","4":"has-post-thumbnail","6":"product_cat-genel","7":"product_cat-kizcocuk","8":"product_cat-mayo","10":"first","11":"instock","12":"taxable","13":"shipping-taxable","14":"purchasable","15":"product-type-variable"},"_links":{"self":[{"href":"https:\/\/petityu.com\/en\/wp-json\/wp\/v2\/product\/6218","targetHints":{"allow":["GET"]}}],"collection":[{"href":"https:\/\/petityu.com\/en\/wp-json\/wp\/v2\/product"}],"about":[{"href":"https:\/\/petityu.com\/en\/wp-json\/wp\/v2\/types\/product"}],"wp:featuredmedia":[{"embeddable":true,"href":"https:\/\/petityu.com\/en\/wp-json\/wp\/v2\/media\/6216"}],"wp:attachment":[{"href":"https:\/\/petityu.com\/en\/wp-json\/wp\/v2\/media?parent=6218"}],"wp:term":[{"taxonomy":"product_brand","embeddable":true,"href":"https:\/\/petityu.com\/en\/wp-json\/wp\/v2\/product_brand?post=6218"},{"taxonomy":"product_cat","embeddable":true,"href":"https:\/\/petityu.com\/en\/wp-json\/wp\/v2\/product_cat?post=6218"},{"taxonomy":"product_tag","embeddable":true,"href":"https:\/\/petityu.com\/en\/wp-json\/wp\/v2\/product_tag?post=6218"}],"curies":[{"name":"wp","href":"https:\/\/api.w.org\/{rel}","templated":true}]}}