{"id":6224,"date":"2024-09-19T15:24:14","date_gmt":"2024-09-19T12:24:14","guid":{"rendered":"https:\/\/petityu.com\/unicorn-yagmur-cizmesi-yagmur-botu\/"},"modified":"2025-08-26T12:23:39","modified_gmt":"2025-08-26T09:23:39","slug":"unicorn-yagmur-cizmesi-yagmur-botu","status":"publish","type":"product","link":"https:\/\/petityu.com\/en\/unicorn-yagmur-cizmesi-yagmur-botu\/","title":{"rendered":"Un\u0131corn Ya\u011fmur \u00c7izmesi Yagmur Botu"},"content":{"rendered":"<p>UNICORN Ya\u011fmur \u00c7izmesi<\/p>","protected":false},"excerpt":{"rendered":"<p>UNICORN Ya\u011fmur \u00c7izmesi<\/p>","protected":false},"featured_media":6223,"template":"","meta":[],"product_brand":[],"product_cat":[15,978,935],"product_tag":[],"class_list":{"0":"post-6224","1":"product","2":"type-product","3":"status-publish","4":"has-post-thumbnail","6":"product_cat-genel","7":"product_cat-bot","8":"product_cat-kizcocuk","10":"first","11":"outofstock","12":"taxable","13":"shipping-taxable","14":"purchasable","15":"product-type-variable"},"_links":{"self":[{"href":"https:\/\/petityu.com\/en\/wp-json\/wp\/v2\/product\/6224","targetHints":{"allow":["GET"]}}],"collection":[{"href":"https:\/\/petityu.com\/en\/wp-json\/wp\/v2\/product"}],"about":[{"href":"https:\/\/petityu.com\/en\/wp-json\/wp\/v2\/types\/product"}],"wp:featuredmedia":[{"embeddable":true,"href":"https:\/\/petityu.com\/en\/wp-json\/wp\/v2\/media\/6223"}],"wp:attachment":[{"href":"https:\/\/petityu.com\/en\/wp-json\/wp\/v2\/media?parent=6224"}],"wp:term":[{"taxonomy":"product_brand","embeddable":true,"href":"https:\/\/petityu.com\/en\/wp-json\/wp\/v2\/product_brand?post=6224"},{"taxonomy":"product_cat","embeddable":true,"href":"https:\/\/petityu.com\/en\/wp-json\/wp\/v2\/product_cat?post=6224"},{"taxonomy":"product_tag","embeddable":true,"href":"https:\/\/petityu.com\/en\/wp-json\/wp\/v2\/product_tag?post=6224"}],"curies":[{"name":"wp","href":"https:\/\/api.w.org\/{rel}","templated":true}]}}