{"id":6239,"date":"2024-09-19T15:25:23","date_gmt":"2024-09-19T12:25:23","guid":{"rendered":"https:\/\/petityu.com\/kiz-cocuk-su-yesili-pembe-flamingo-firfirli-mayo-ve-uv-korumali-sapka-seti-1-2-3-yas\/"},"modified":"2025-08-26T12:23:26","modified_gmt":"2025-08-26T09:23:26","slug":"kiz-cocuk-su-yesili-pembe-flamingo-firfirli-mayo-ve-uv-korumali-sapka-seti-1-2-3-yas","status":"publish","type":"product","link":"https:\/\/petityu.com\/en\/kiz-cocuk-su-yesili-pembe-flamingo-firfirli-mayo-ve-uv-korumali-sapka-seti-1-2-3-yas\/","title":{"rendered":"K\u0131z \u00c7ocuk Su Ye\u015fili Pembe Flamingo F\u0131rf\u0131rl\u0131 Mayo ve Uv Korumal\u0131 \u015eapka Seti 1-2-3 Ya\u015f"},"content":{"rendered":"<p>fiyonklu mayo ve uv korumali sapkali set 12 ay olan 6-18 aya uygundur.<\/p>","protected":false},"excerpt":{"rendered":"<p>fiyonklu mayo ve uv korumali sapkali set 12 ay olan 6-18 aya uygundur.<\/p>","protected":false},"featured_media":6234,"template":"","meta":[],"product_brand":[],"product_cat":[15,935,974],"product_tag":[],"class_list":{"0":"post-6239","1":"product","2":"type-product","3":"status-publish","4":"has-post-thumbnail","6":"product_cat-genel","7":"product_cat-kizcocuk","8":"product_cat-mayo","10":"first","11":"outofstock","12":"taxable","13":"shipping-taxable","14":"purchasable","15":"product-type-variable"},"_links":{"self":[{"href":"https:\/\/petityu.com\/en\/wp-json\/wp\/v2\/product\/6239","targetHints":{"allow":["GET"]}}],"collection":[{"href":"https:\/\/petityu.com\/en\/wp-json\/wp\/v2\/product"}],"about":[{"href":"https:\/\/petityu.com\/en\/wp-json\/wp\/v2\/types\/product"}],"wp:featuredmedia":[{"embeddable":true,"href":"https:\/\/petityu.com\/en\/wp-json\/wp\/v2\/media\/6234"}],"wp:attachment":[{"href":"https:\/\/petityu.com\/en\/wp-json\/wp\/v2\/media?parent=6239"}],"wp:term":[{"taxonomy":"product_brand","embeddable":true,"href":"https:\/\/petityu.com\/en\/wp-json\/wp\/v2\/product_brand?post=6239"},{"taxonomy":"product_cat","embeddable":true,"href":"https:\/\/petityu.com\/en\/wp-json\/wp\/v2\/product_cat?post=6239"},{"taxonomy":"product_tag","embeddable":true,"href":"https:\/\/petityu.com\/en\/wp-json\/wp\/v2\/product_tag?post=6239"}],"curies":[{"name":"wp","href":"https:\/\/api.w.org\/{rel}","templated":true}]}}