{"id":6246,"date":"2024-09-19T15:25:49","date_gmt":"2024-09-19T12:25:49","guid":{"rendered":"https:\/\/petityu.com\/teddy-sirin-sisme-mont-seker-pembe-21lgteddyjacketsugarpink\/"},"modified":"2026-04-06T15:53:32","modified_gmt":"2026-04-06T12:53:32","slug":"teddy-sirin-sisme-mont-seker-pembe-21lgteddyjacketsugarpink","status":"publish","type":"product","link":"https:\/\/petityu.com\/en\/teddy-sirin-sisme-mont-seker-pembe-21lgteddyjacketsugarpink\/","title":{"rendered":"Petityu Teddy \u015eirin \u015ei\u015fme Mont \u015eeker Pembe"},"content":{"rendered":"<p><p>Bebekler ve \u00e7ocuklar&nbsp;i\u00e7in \u00f6zel olarak tasarlanm\u0131\u015f, \u015firin ve sevimli bir g\u00f6r\u00fcn\u00fcm sunan \u015fi\u015fme mont.; Standart beden \u00f6l\u00e7\u00fcs\u00fcyle her ya\u015f grubuna uygun rahatl\u0131k sa\u011flar.; \u015ei\u015fme yap\u0131s\u0131 sayesinde s\u0131cak tutar ve bebe\u011finizin konforunu art\u0131r\u0131r.; \u015eeker pembe rengiyle dikkat \u00e7ekici bir stil sunar ve bebeklerinize ne\u015feli bir g\u00f6r\u00fcn\u00fcm kazand\u0131r\u0131r.;<\/p><\/p>","protected":false},"excerpt":{"rendered":"<p>Bebekler ve \u00e7ocuklar&nbsp;i\u00e7in \u00f6zel olarak tasarlanm\u0131\u015f, \u015firin ve sevimli bir g\u00f6r\u00fcn\u00fcm sunan \u015fi\u015fme mont.; Standart beden \u00f6l\u00e7\u00fcs\u00fcyle her ya\u015f grubuna uygun rahatl\u0131k sa\u011flar.; \u015ei\u015fme yap\u0131s\u0131&hellip;<\/p>","protected":false},"featured_media":6244,"template":"","meta":[],"product_brand":[],"product_cat":[15,935,983],"product_tag":[],"class_list":{"0":"post-6246","1":"product","2":"type-product","3":"status-publish","4":"has-post-thumbnail","6":"product_cat-genel","7":"product_cat-kizcocuk","8":"product_cat-mont-puffy-yelek","10":"first","11":"instock","12":"taxable","13":"shipping-taxable","14":"purchasable","15":"product-type-variable"},"_links":{"self":[{"href":"https:\/\/petityu.com\/en\/wp-json\/wp\/v2\/product\/6246","targetHints":{"allow":["GET"]}}],"collection":[{"href":"https:\/\/petityu.com\/en\/wp-json\/wp\/v2\/product"}],"about":[{"href":"https:\/\/petityu.com\/en\/wp-json\/wp\/v2\/types\/product"}],"wp:featuredmedia":[{"embeddable":true,"href":"https:\/\/petityu.com\/en\/wp-json\/wp\/v2\/media\/6244"}],"wp:attachment":[{"href":"https:\/\/petityu.com\/en\/wp-json\/wp\/v2\/media?parent=6246"}],"wp:term":[{"taxonomy":"product_brand","embeddable":true,"href":"https:\/\/petityu.com\/en\/wp-json\/wp\/v2\/product_brand?post=6246"},{"taxonomy":"product_cat","embeddable":true,"href":"https:\/\/petityu.com\/en\/wp-json\/wp\/v2\/product_cat?post=6246"},{"taxonomy":"product_tag","embeddable":true,"href":"https:\/\/petityu.com\/en\/wp-json\/wp\/v2\/product_tag?post=6246"}],"curies":[{"name":"wp","href":"https:\/\/api.w.org\/{rel}","templated":true}]}}