{"id":6254,"date":"2024-09-19T15:26:21","date_gmt":"2024-09-19T12:26:21","guid":{"rendered":"https:\/\/petityu.com\/unicorn-cocuk-su-gecirmez-tulum-yagmurluk-kapsonlu-4-6-yas\/"},"modified":"2026-02-02T12:58:26","modified_gmt":"2026-02-02T09:58:26","slug":"unicorn-cocuk-su-gecirmez-tulum-yagmurluk-kapsonlu-4-6-yas","status":"publish","type":"product","link":"https:\/\/petityu.com\/en\/unicorn-cocuk-su-gecirmez-tulum-yagmurluk-kapsonlu-4-6-yas\/","title":{"rendered":"Petityu Unicorn \u00c7ocuk Su Ge\u00e7irmez Tulum Ya\u011fmurluk Kap\u015fonlu"},"content":{"rendered":"<p><p>Boyut S ya\u011fmurluk uzunlu\u011fu 84 cm, kol 41 cm, g\u00f6\u011f\u00fcs 79 cm, \u00e7ocuk y\u00fcksekli\u011fi 86-100 cm i\u00e7in uygun 2-4 yas Boyut M ya\u011fmurluk uzunlu\u011fu 95 cm, kol 46 cm, g\u00f6\u011f\u00fcs 82 cm, \u00e7ocuk y\u00fcksekli\u011fi 101-115 cm i\u00e7in uygun 4-6 yas<\/p><\/p>","protected":false},"excerpt":{"rendered":"<p>Boyut S ya\u011fmurluk uzunlu\u011fu 84 cm, kol 41 cm, g\u00f6\u011f\u00fcs 79 cm, \u00e7ocuk y\u00fcksekli\u011fi 86-100 cm i\u00e7in uygun 2-4 yas Boyut M ya\u011fmurluk uzunlu\u011fu 95&hellip;<\/p>","protected":false},"featured_media":6251,"template":"","meta":[],"product_brand":[],"product_cat":[15,935,973],"product_tag":[],"class_list":{"0":"post-6254","1":"product","2":"type-product","3":"status-publish","4":"has-post-thumbnail","6":"product_cat-genel","7":"product_cat-kizcocuk","8":"product_cat-yagmurluk-tulum-yagmur-pantalonu","10":"first","11":"instock","12":"taxable","13":"shipping-taxable","14":"purchasable","15":"product-type-variable"},"_links":{"self":[{"href":"https:\/\/petityu.com\/en\/wp-json\/wp\/v2\/product\/6254","targetHints":{"allow":["GET"]}}],"collection":[{"href":"https:\/\/petityu.com\/en\/wp-json\/wp\/v2\/product"}],"about":[{"href":"https:\/\/petityu.com\/en\/wp-json\/wp\/v2\/types\/product"}],"wp:featuredmedia":[{"embeddable":true,"href":"https:\/\/petityu.com\/en\/wp-json\/wp\/v2\/media\/6251"}],"wp:attachment":[{"href":"https:\/\/petityu.com\/en\/wp-json\/wp\/v2\/media?parent=6254"}],"wp:term":[{"taxonomy":"product_brand","embeddable":true,"href":"https:\/\/petityu.com\/en\/wp-json\/wp\/v2\/product_brand?post=6254"},{"taxonomy":"product_cat","embeddable":true,"href":"https:\/\/petityu.com\/en\/wp-json\/wp\/v2\/product_cat?post=6254"},{"taxonomy":"product_tag","embeddable":true,"href":"https:\/\/petityu.com\/en\/wp-json\/wp\/v2\/product_tag?post=6254"}],"curies":[{"name":"wp","href":"https:\/\/api.w.org\/{rel}","templated":true}]}}