{"id":6272,"date":"2024-09-19T15:27:40","date_gmt":"2024-09-19T12:27:40","guid":{"rendered":"https:\/\/petityu.com\/uzun-kollu-mermaid-denizkizi-aplike-uv-korumali-pembe-mavi-kiz-cocuk-mayo-3-5-yas\/"},"modified":"2026-04-02T09:21:26","modified_gmt":"2026-04-02T06:21:26","slug":"uzun-kollu-mermaid-denizkizi-aplike-uv-korumali-pembe-mavi-kiz-cocuk-mayo-3-5-yas","status":"publish","type":"product","link":"https:\/\/petityu.com\/en\/uzun-kollu-mermaid-denizkizi-aplike-uv-korumali-pembe-mavi-kiz-cocuk-mayo-3-5-yas\/","title":{"rendered":"Uzun Kollu Mermaid Denizkizi Aplike Uv Korumali Pembe Mavi K\u0131z \u00c7ocuk Mayo"},"content":{"rendered":"<p><p>UPF 50 + g\u00fcne\u015f korumaki hizli kuruyan uzun kollu ust ve alt ;<\/p><\/p>","protected":false},"excerpt":{"rendered":"<p>UPF 50 + g\u00fcne\u015f korumaki hizli kuruyan uzun kollu ust ve alt ;<\/p>","protected":false},"featured_media":6271,"template":"","meta":[],"product_brand":[],"product_cat":[15,935,974],"product_tag":[],"class_list":{"0":"post-6272","1":"product","2":"type-product","3":"status-publish","4":"has-post-thumbnail","6":"product_cat-genel","7":"product_cat-kizcocuk","8":"product_cat-mayo","10":"first","11":"outofstock","12":"taxable","13":"shipping-taxable","14":"purchasable","15":"product-type-variable"},"_links":{"self":[{"href":"https:\/\/petityu.com\/en\/wp-json\/wp\/v2\/product\/6272","targetHints":{"allow":["GET"]}}],"collection":[{"href":"https:\/\/petityu.com\/en\/wp-json\/wp\/v2\/product"}],"about":[{"href":"https:\/\/petityu.com\/en\/wp-json\/wp\/v2\/types\/product"}],"wp:featuredmedia":[{"embeddable":true,"href":"https:\/\/petityu.com\/en\/wp-json\/wp\/v2\/media\/6271"}],"wp:attachment":[{"href":"https:\/\/petityu.com\/en\/wp-json\/wp\/v2\/media?parent=6272"}],"wp:term":[{"taxonomy":"product_brand","embeddable":true,"href":"https:\/\/petityu.com\/en\/wp-json\/wp\/v2\/product_brand?post=6272"},{"taxonomy":"product_cat","embeddable":true,"href":"https:\/\/petityu.com\/en\/wp-json\/wp\/v2\/product_cat?post=6272"},{"taxonomy":"product_tag","embeddable":true,"href":"https:\/\/petityu.com\/en\/wp-json\/wp\/v2\/product_tag?post=6272"}],"curies":[{"name":"wp","href":"https:\/\/api.w.org\/{rel}","templated":true}]}}