{"id":6278,"date":"2024-09-19T15:28:02","date_gmt":"2024-09-19T12:28:02","guid":{"rendered":"https:\/\/petityu.com\/uzaysever-astronot-minik-sugecirmez-anaokulu-sirt-cantasi-lacivert-kirmizi\/"},"modified":"2026-03-25T10:58:52","modified_gmt":"2026-03-25T07:58:52","slug":"uzaysever-astronot-minik-sugecirmez-anaokulu-sirt-cantasi-lacivert-kirmizi","status":"publish","type":"product","link":"https:\/\/petityu.com\/en\/uzaysever-astronot-minik-sugecirmez-anaokulu-sirt-cantasi-lacivert-kirmizi\/","title":{"rendered":"Petityu Uzaysever &#8211; Astronot Minik Su Ge\u00e7irmez Anaokulu S\u0131rt \u00c7antas\u0131- Lacivert K\u0131rm\u0131z\u0131"},"content":{"rendered":"<p>Uzaysever Astronot Minik Su Ge\u00e7irmez Anaokulu S\u0131rt \u00c7antas\u0131, lacivert ve k\u0131rm\u0131z\u0131n\u0131n canl\u0131 tonlar\u0131yla dikkat \u00e7ekici bir tasar\u0131ma sahiptir. Bu k\u00fc\u00e7\u00fck boy s\u0131rt \u00e7antas\u0131, \u00e7ocuklar\u0131n okul yolculuklar\u0131nda yanlar\u0131na alabilecekleri temel e\u015fyalar\u0131 ta\u015f\u0131mak i\u00e7in idealdir. Su ge\u00e7irmez \u00f6zelli\u011fi sayesinde \u0131slanmaya kar\u015f\u0131 dayan\u0131kl\u0131d\u0131r ve b\u00f6ylece \u00e7ocuklar\u0131n e\u015fyalar\u0131 kuru kal\u0131r. Desenli tasar\u0131m\u0131 ile hem e\u011flenceli hem de fonksiyonel bir aksesuar olarak \u00f6ne \u00e7\u0131kar. \u00c7ocuklar\u0131n okula d\u00f6n\u00fc\u015f heyecan\u0131n\u0131 yans\u0131tan bu s\u0131rt \u00e7antas\u0131, minik astronotlar\u0131n macera dolu yolculuklar\u0131na e\u015flik eder.;<\/p>","protected":false},"excerpt":{"rendered":"<p>Uzaysever Astronot Minik Su Ge\u00e7irmez Anaokulu S\u0131rt \u00c7antas\u0131, lacivert ve k\u0131rm\u0131z\u0131n\u0131n canl\u0131 tonlar\u0131yla dikkat \u00e7ekici bir tasar\u0131ma sahiptir. Bu k\u00fc\u00e7\u00fck boy s\u0131rt \u00e7antas\u0131, \u00e7ocuklar\u0131n okul&hellip;<\/p>","protected":false},"featured_media":6277,"template":"","meta":[],"product_brand":[],"product_cat":[15,998,936],"product_tag":[],"class_list":{"0":"post-6278","1":"product","2":"type-product","3":"status-publish","4":"has-post-thumbnail","6":"product_cat-genel","7":"product_cat-canta","8":"product_cat-erkekcocuk","10":"first","11":"instock","12":"taxable","13":"shipping-taxable","14":"purchasable","15":"product-type-variable"},"_links":{"self":[{"href":"https:\/\/petityu.com\/en\/wp-json\/wp\/v2\/product\/6278","targetHints":{"allow":["GET"]}}],"collection":[{"href":"https:\/\/petityu.com\/en\/wp-json\/wp\/v2\/product"}],"about":[{"href":"https:\/\/petityu.com\/en\/wp-json\/wp\/v2\/types\/product"}],"wp:featuredmedia":[{"embeddable":true,"href":"https:\/\/petityu.com\/en\/wp-json\/wp\/v2\/media\/6277"}],"wp:attachment":[{"href":"https:\/\/petityu.com\/en\/wp-json\/wp\/v2\/media?parent=6278"}],"wp:term":[{"taxonomy":"product_brand","embeddable":true,"href":"https:\/\/petityu.com\/en\/wp-json\/wp\/v2\/product_brand?post=6278"},{"taxonomy":"product_cat","embeddable":true,"href":"https:\/\/petityu.com\/en\/wp-json\/wp\/v2\/product_cat?post=6278"},{"taxonomy":"product_tag","embeddable":true,"href":"https:\/\/petityu.com\/en\/wp-json\/wp\/v2\/product_tag?post=6278"}],"curies":[{"name":"wp","href":"https:\/\/api.w.org\/{rel}","templated":true}]}}