{"id":6285,"date":"2024-09-19T15:28:39","date_gmt":"2024-09-19T12:28:39","guid":{"rendered":"https:\/\/petityu.com\/dino-sirt-cantasi-anaokulu-dinazor-sirt-cantasi\/"},"modified":"2026-04-06T16:09:26","modified_gmt":"2026-04-06T13:09:26","slug":"dino-sirt-cantasi-anaokulu-dinazor-sirt-cantasi","status":"publish","type":"product","link":"https:\/\/petityu.com\/en\/dino-sirt-cantasi-anaokulu-dinazor-sirt-cantasi\/","title":{"rendered":"Dino S\u0131rt \u00c7antas\u0131 &#8211; Anaokulu Dinazor S\u0131rt \u00c7antas\u0131"},"content":{"rendered":"<p><p>S\u0131rt&nbsp;k\u0131sm\u0131 hava alabilen mesh kuma\u015ftan anaokulu&nbsp;\u00e7antas\u0131 <\/p><br \/>\n<p>24 cm &#8211; 20 cm \u00f6l\u00e7\u00fclerinde<\/p><\/p>","protected":false},"excerpt":{"rendered":"<p>S\u0131rt&nbsp;k\u0131sm\u0131 hava alabilen mesh kuma\u015ftan anaokulu&nbsp;\u00e7antas\u0131 24 cm &#8211; 20 cm \u00f6l\u00e7\u00fclerinde<\/p>","protected":false},"featured_media":6282,"template":"","meta":[],"product_brand":[],"product_cat":[15,998,936],"product_tag":[],"class_list":{"0":"post-6285","1":"product","2":"type-product","3":"status-publish","4":"has-post-thumbnail","6":"product_cat-genel","7":"product_cat-canta","8":"product_cat-erkekcocuk","10":"first","11":"instock","12":"taxable","13":"shipping-taxable","14":"purchasable","15":"product-type-variable"},"_links":{"self":[{"href":"https:\/\/petityu.com\/en\/wp-json\/wp\/v2\/product\/6285","targetHints":{"allow":["GET"]}}],"collection":[{"href":"https:\/\/petityu.com\/en\/wp-json\/wp\/v2\/product"}],"about":[{"href":"https:\/\/petityu.com\/en\/wp-json\/wp\/v2\/types\/product"}],"wp:featuredmedia":[{"embeddable":true,"href":"https:\/\/petityu.com\/en\/wp-json\/wp\/v2\/media\/6282"}],"wp:attachment":[{"href":"https:\/\/petityu.com\/en\/wp-json\/wp\/v2\/media?parent=6285"}],"wp:term":[{"taxonomy":"product_brand","embeddable":true,"href":"https:\/\/petityu.com\/en\/wp-json\/wp\/v2\/product_brand?post=6285"},{"taxonomy":"product_cat","embeddable":true,"href":"https:\/\/petityu.com\/en\/wp-json\/wp\/v2\/product_cat?post=6285"},{"taxonomy":"product_tag","embeddable":true,"href":"https:\/\/petityu.com\/en\/wp-json\/wp\/v2\/product_tag?post=6285"}],"curies":[{"name":"wp","href":"https:\/\/api.w.org\/{rel}","templated":true}]}}