{"id":6296,"date":"2024-09-19T15:29:43","date_gmt":"2024-09-19T12:29:43","guid":{"rendered":"https:\/\/petityu.com\/dino-ici-pufudik-sicak-tutan-yumusacik-eldiven\/"},"modified":"2026-01-24T14:58:45","modified_gmt":"2026-01-24T11:58:45","slug":"dino-ici-pufudik-sicak-tutan-yumusacik-eldiven","status":"publish","type":"product","link":"https:\/\/petityu.com\/en\/dino-ici-pufudik-sicak-tutan-yumusacik-eldiven\/","title":{"rendered":"Petityu Dino \u0130\u00e7i Pufudik S\u0131cak Tutan Yumu\u015fac\u0131k Eldiven"},"content":{"rendered":"<p><p>Petityu DinazorIci Pufudik Sicak Tutan Yumusacik Eldiven ici yumusacik puf medium 1-3 yas large 3-8 yas ;<\/p><\/p>","protected":false},"excerpt":{"rendered":"<p>Petityu DinazorIci Pufudik Sicak Tutan Yumusacik Eldiven ici yumusacik puf medium 1-3 yas large 3-8 yas ;<\/p>","protected":false},"featured_media":6293,"template":"","meta":[],"product_brand":[],"product_cat":[997,936,15],"product_tag":[],"class_list":{"0":"post-6296","1":"product","2":"type-product","3":"status-publish","4":"has-post-thumbnail","6":"product_cat-atki-bere-eldiven","7":"product_cat-erkekcocuk","8":"product_cat-genel","10":"first","11":"instock","12":"taxable","13":"shipping-taxable","14":"purchasable","15":"product-type-variable"},"_links":{"self":[{"href":"https:\/\/petityu.com\/en\/wp-json\/wp\/v2\/product\/6296","targetHints":{"allow":["GET"]}}],"collection":[{"href":"https:\/\/petityu.com\/en\/wp-json\/wp\/v2\/product"}],"about":[{"href":"https:\/\/petityu.com\/en\/wp-json\/wp\/v2\/types\/product"}],"wp:featuredmedia":[{"embeddable":true,"href":"https:\/\/petityu.com\/en\/wp-json\/wp\/v2\/media\/6293"}],"wp:attachment":[{"href":"https:\/\/petityu.com\/en\/wp-json\/wp\/v2\/media?parent=6296"}],"wp:term":[{"taxonomy":"product_brand","embeddable":true,"href":"https:\/\/petityu.com\/en\/wp-json\/wp\/v2\/product_brand?post=6296"},{"taxonomy":"product_cat","embeddable":true,"href":"https:\/\/petityu.com\/en\/wp-json\/wp\/v2\/product_cat?post=6296"},{"taxonomy":"product_tag","embeddable":true,"href":"https:\/\/petityu.com\/en\/wp-json\/wp\/v2\/product_tag?post=6296"}],"curies":[{"name":"wp","href":"https:\/\/api.w.org\/{rel}","templated":true}]}}