{"id":6311,"date":"2024-09-19T15:31:01","date_gmt":"2024-09-19T12:31:01","guid":{"rendered":"https:\/\/petityu.com\/fox-hayvanli-yagmur-tulumu-pantalonu-yagmur-pantolon-6-8-yas\/"},"modified":"2026-04-05T17:00:18","modified_gmt":"2026-04-05T14:00:18","slug":"fox-hayvanli-yagmur-tulumu-pantalonu-yagmur-pantolon-6-8-yas","status":"publish","type":"product","link":"https:\/\/petityu.com\/en\/fox-hayvanli-yagmur-tulumu-pantalonu-yagmur-pantolon-6-8-yas\/","title":{"rendered":"Petityu Fox Hayvanl\u0131 Ya\u011fmur Tulumu Ya\u011fmur Pantolonu"},"content":{"rendered":"<p><p>Fox Ya\u011fmur Pantalonu Su Ge\u00e7irmez \u0130\u00e7i Penye Astarl\u0131<\/p><\/p>","protected":false},"excerpt":{"rendered":"<p>Fox Ya\u011fmur Pantalonu Su Ge\u00e7irmez \u0130\u00e7i Penye Astarl\u0131<\/p>","protected":false},"featured_media":6307,"template":"","meta":[],"product_brand":[],"product_cat":[15,936,935,973,1000],"product_tag":[],"class_list":{"0":"post-6311","1":"product","2":"type-product","3":"status-publish","4":"has-post-thumbnail","6":"product_cat-genel","7":"product_cat-erkekcocuk","8":"product_cat-kizcocuk","9":"product_cat-yagmurluk-tulum-yagmur-pantalonu","10":"product_cat-yagmurluk-yagmur-pantalonu-tulum","12":"first","13":"instock","14":"taxable","15":"shipping-taxable","16":"purchasable","17":"product-type-variable"},"_links":{"self":[{"href":"https:\/\/petityu.com\/en\/wp-json\/wp\/v2\/product\/6311","targetHints":{"allow":["GET"]}}],"collection":[{"href":"https:\/\/petityu.com\/en\/wp-json\/wp\/v2\/product"}],"about":[{"href":"https:\/\/petityu.com\/en\/wp-json\/wp\/v2\/types\/product"}],"wp:featuredmedia":[{"embeddable":true,"href":"https:\/\/petityu.com\/en\/wp-json\/wp\/v2\/media\/6307"}],"wp:attachment":[{"href":"https:\/\/petityu.com\/en\/wp-json\/wp\/v2\/media?parent=6311"}],"wp:term":[{"taxonomy":"product_brand","embeddable":true,"href":"https:\/\/petityu.com\/en\/wp-json\/wp\/v2\/product_brand?post=6311"},{"taxonomy":"product_cat","embeddable":true,"href":"https:\/\/petityu.com\/en\/wp-json\/wp\/v2\/product_cat?post=6311"},{"taxonomy":"product_tag","embeddable":true,"href":"https:\/\/petityu.com\/en\/wp-json\/wp\/v2\/product_tag?post=6311"}],"curies":[{"name":"wp","href":"https:\/\/api.w.org\/{rel}","templated":true}]}}