{"id":6317,"date":"2024-09-19T15:31:23","date_gmt":"2024-09-19T12:31:23","guid":{"rendered":"https:\/\/petityu.com\/fox-cocuk-yagmurluk-ruzgarlik-su-gecirmez-fermuarli-kapisonlu-ust-incecik-mont-ceket\/"},"modified":"2026-03-29T15:15:59","modified_gmt":"2026-03-29T12:15:59","slug":"fox-cocuk-yagmurluk-ruzgarlik-su-gecirmez-fermuarli-kapisonlu-ust-incecik-mont-ceket","status":"publish","type":"product","link":"https:\/\/petityu.com\/en\/fox-cocuk-yagmurluk-ruzgarlik-su-gecirmez-fermuarli-kapisonlu-ust-incecik-mont-ceket\/","title":{"rendered":"Petityu Fox \u00c7ocuk Ya\u011fmurluk R\u00fczgarl\u0131k Su Ge\u00e7irmez Fermuarl\u0131 Kapi\u015fonlu \u00dcst \u0130ncecik Mont Ceket"},"content":{"rendered":"<p><p>su gecirmez yagmurluk ruzgarlik yagmur pantalonu ayri satilmaktadir<\/p><\/p>","protected":false},"excerpt":{"rendered":"<p>su gecirmez yagmurluk ruzgarlik yagmur pantalonu ayri satilmaktadir<\/p>","protected":false},"featured_media":6316,"template":"","meta":[],"product_brand":[],"product_cat":[936,15,935,973,1000],"product_tag":[],"class_list":{"0":"post-6317","1":"product","2":"type-product","3":"status-publish","4":"has-post-thumbnail","6":"product_cat-erkekcocuk","7":"product_cat-genel","8":"product_cat-kizcocuk","9":"product_cat-yagmurluk-tulum-yagmur-pantalonu","10":"product_cat-yagmurluk-yagmur-pantalonu-tulum","12":"first","13":"instock","14":"taxable","15":"shipping-taxable","16":"purchasable","17":"product-type-variable"},"_links":{"self":[{"href":"https:\/\/petityu.com\/en\/wp-json\/wp\/v2\/product\/6317","targetHints":{"allow":["GET"]}}],"collection":[{"href":"https:\/\/petityu.com\/en\/wp-json\/wp\/v2\/product"}],"about":[{"href":"https:\/\/petityu.com\/en\/wp-json\/wp\/v2\/types\/product"}],"wp:featuredmedia":[{"embeddable":true,"href":"https:\/\/petityu.com\/en\/wp-json\/wp\/v2\/media\/6316"}],"wp:attachment":[{"href":"https:\/\/petityu.com\/en\/wp-json\/wp\/v2\/media?parent=6317"}],"wp:term":[{"taxonomy":"product_brand","embeddable":true,"href":"https:\/\/petityu.com\/en\/wp-json\/wp\/v2\/product_brand?post=6317"},{"taxonomy":"product_cat","embeddable":true,"href":"https:\/\/petityu.com\/en\/wp-json\/wp\/v2\/product_cat?post=6317"},{"taxonomy":"product_tag","embeddable":true,"href":"https:\/\/petityu.com\/en\/wp-json\/wp\/v2\/product_tag?post=6317"}],"curies":[{"name":"wp","href":"https:\/\/api.w.org\/{rel}","templated":true}]}}