{"id":6322,"date":"2024-09-19T15:31:41","date_gmt":"2024-09-19T12:31:41","guid":{"rendered":"https:\/\/petityu.com\/renkli-dino-yagmur-pantalonu-yagmur-tulumu-pantolon-22lbgmavidinorainpant\/"},"modified":"2026-02-04T21:50:45","modified_gmt":"2026-02-04T18:50:45","slug":"renkli-dino-yagmur-pantalonu-yagmur-tulumu-pantolon-22lbgmavidinorainpant","status":"publish","type":"product","link":"https:\/\/petityu.com\/en\/renkli-dino-yagmur-pantalonu-yagmur-tulumu-pantolon-22lbgmavidinorainpant\/","title":{"rendered":"Petityu Renkli Dino Ya\u011fmur Pantalonu Ya\u011fmur Tulumu Pantolon"},"content":{"rendered":"<p>&Ccedil;ocuklar\u0131n ya\u011fmurlu havalarda kuru ve konforlu kalmas\u0131n\u0131 sa\u011flayan renkli dino ya\u011fmur pantolonu, standart boy tasar\u0131m\u0131yla her &ccedil;ocu\u011fun bedeni i&ccedil;in uygundur.; Canl\u0131 ve e\u011flenceli desenleriyle dikkat &ccedil;eken bu ya\u011fmurluk, &ccedil;ocuklar\u0131n d\u0131\u015far\u0131da oynamaktan keyif almalar\u0131n\u0131 sa\u011flar.; Dayan\u0131kl\u0131 malzemeden &uuml;retilmi\u015f olup uzun s&uuml;reli kullan\u0131ma uygundur; b&ouml;ylece &ccedil;ocu\u011funuzun her mevsim ya\u011fmurluk ihtiyac\u0131n\u0131 kar\u015f\u0131layabilirsiniz.;<\/p>","protected":false},"excerpt":{"rendered":"<p>&Ccedil;ocuklar\u0131n ya\u011fmurlu havalarda kuru ve konforlu kalmas\u0131n\u0131 sa\u011flayan renkli dino ya\u011fmur pantolonu, standart boy tasar\u0131m\u0131yla her &ccedil;ocu\u011fun bedeni i&ccedil;in uygundur.; Canl\u0131 ve e\u011flenceli desenleriyle dikkat&hellip;<\/p>","protected":false},"featured_media":6321,"template":"","meta":[],"product_brand":[],"product_cat":[936,15,1000],"product_tag":[],"class_list":{"0":"post-6322","1":"product","2":"type-product","3":"status-publish","4":"has-post-thumbnail","6":"product_cat-erkekcocuk","7":"product_cat-genel","8":"product_cat-yagmurluk-yagmur-pantalonu-tulum","10":"first","11":"instock","12":"taxable","13":"shipping-taxable","14":"purchasable","15":"product-type-variable"},"_links":{"self":[{"href":"https:\/\/petityu.com\/en\/wp-json\/wp\/v2\/product\/6322","targetHints":{"allow":["GET"]}}],"collection":[{"href":"https:\/\/petityu.com\/en\/wp-json\/wp\/v2\/product"}],"about":[{"href":"https:\/\/petityu.com\/en\/wp-json\/wp\/v2\/types\/product"}],"wp:featuredmedia":[{"embeddable":true,"href":"https:\/\/petityu.com\/en\/wp-json\/wp\/v2\/media\/6321"}],"wp:attachment":[{"href":"https:\/\/petityu.com\/en\/wp-json\/wp\/v2\/media?parent=6322"}],"wp:term":[{"taxonomy":"product_brand","embeddable":true,"href":"https:\/\/petityu.com\/en\/wp-json\/wp\/v2\/product_brand?post=6322"},{"taxonomy":"product_cat","embeddable":true,"href":"https:\/\/petityu.com\/en\/wp-json\/wp\/v2\/product_cat?post=6322"},{"taxonomy":"product_tag","embeddable":true,"href":"https:\/\/petityu.com\/en\/wp-json\/wp\/v2\/product_tag?post=6322"}],"curies":[{"name":"wp","href":"https:\/\/api.w.org\/{rel}","templated":true}]}}