{"id":6328,"date":"2024-09-19T15:32:01","date_gmt":"2024-09-19T12:32:01","guid":{"rendered":"https:\/\/petityu.com\/gokkusagi-yagmur-tulumu-pantalonu-rainbow-rainpant-yagmur-pantolonu\/"},"modified":"2026-04-28T11:08:28","modified_gmt":"2026-04-28T08:08:28","slug":"gokkusagi-yagmur-tulumu-pantalonu-rainbow-rainpant-yagmur-pantolonu","status":"publish","type":"product","link":"https:\/\/petityu.com\/en\/gokkusagi-yagmur-tulumu-pantalonu-rainbow-rainpant-yagmur-pantolonu\/","title":{"rendered":"Petityu G\u00f6kku\u015fa\u011f\u0131 Ya\u011fmur Tulumu Pantalonu &#8211; Rainbow Rainpant Ya\u011fmur Pantolonu"},"content":{"rendered":"<p>su gecirmez ici penye astarli<\/p>","protected":false},"excerpt":{"rendered":"<p>su gecirmez ici penye astarli<\/p>","protected":false},"featured_media":6327,"template":"","meta":[],"product_brand":[],"product_cat":[936,15,935,973,1000],"product_tag":[],"class_list":{"0":"post-6328","1":"product","2":"type-product","3":"status-publish","4":"has-post-thumbnail","6":"product_cat-erkekcocuk","7":"product_cat-genel","8":"product_cat-kizcocuk","9":"product_cat-yagmurluk-tulum-yagmur-pantalonu","10":"product_cat-yagmurluk-yagmur-pantalonu-tulum","12":"first","13":"outofstock","14":"taxable","15":"shipping-taxable","16":"purchasable","17":"product-type-variable"},"_links":{"self":[{"href":"https:\/\/petityu.com\/en\/wp-json\/wp\/v2\/product\/6328","targetHints":{"allow":["GET"]}}],"collection":[{"href":"https:\/\/petityu.com\/en\/wp-json\/wp\/v2\/product"}],"about":[{"href":"https:\/\/petityu.com\/en\/wp-json\/wp\/v2\/types\/product"}],"wp:featuredmedia":[{"embeddable":true,"href":"https:\/\/petityu.com\/en\/wp-json\/wp\/v2\/media\/6327"}],"wp:attachment":[{"href":"https:\/\/petityu.com\/en\/wp-json\/wp\/v2\/media?parent=6328"}],"wp:term":[{"taxonomy":"product_brand","embeddable":true,"href":"https:\/\/petityu.com\/en\/wp-json\/wp\/v2\/product_brand?post=6328"},{"taxonomy":"product_cat","embeddable":true,"href":"https:\/\/petityu.com\/en\/wp-json\/wp\/v2\/product_cat?post=6328"},{"taxonomy":"product_tag","embeddable":true,"href":"https:\/\/petityu.com\/en\/wp-json\/wp\/v2\/product_tag?post=6328"}],"curies":[{"name":"wp","href":"https:\/\/api.w.org\/{rel}","templated":true}]}}