{"id":6333,"date":"2024-09-19T15:32:21","date_gmt":"2024-09-19T12:32:21","guid":{"rendered":"https:\/\/petityu.com\/sugecirmez-bere-eldiven-set-ici-pufudik-yumusacik-kurklu-mavi-laci-beyaz-kamuflaj\/"},"modified":"2026-02-27T17:23:58","modified_gmt":"2026-02-27T14:23:58","slug":"sugecirmez-bere-eldiven-set-ici-pufudik-yumusacik-kurklu-mavi-laci-beyaz-kamuflaj","status":"publish","type":"product","link":"https:\/\/petityu.com\/en\/sugecirmez-bere-eldiven-set-ici-pufudik-yumusacik-kurklu-mavi-laci-beyaz-kamuflaj\/","title":{"rendered":"Petityu Su Ge\u00e7irmez Bere Eldiven Set &#8211; \u0130\u00e7i Pufudik Yumusacik K\u00fcrkl\u00fc Mavi Laci Beyaz Kamuflaj"},"content":{"rendered":"<p><p>Sugecirmez bere ve eldiven seti, \u00e7ocuklar\u0131n k\u0131\u015f aylar\u0131nda s\u0131cak ve kuru kalmas\u0131n\u0131 sa\u011flar.; Polar materyali ile yumu\u015fak dokunu\u015fu, \u00e7ocuklar\u0131n tenini rahats\u0131z etmeden konforlu bir kullan\u0131m sunar.; Mavi-laci-beyaz kamuflaj deseniyle \u015f\u0131k ve e\u011flenceli bir g\u00f6r\u00fcn\u00fcm kazand\u0131r\u0131r.; T\u00fcm ya\u015f gruplar\u0131na uygun olarak tasarlanm\u0131\u015f olup, geni\u015f beden se\u00e7enekleriyle her \u00e7ocu\u011fa hitap eder.;<\/p><\/p>","protected":false},"excerpt":{"rendered":"<p>Sugecirmez bere ve eldiven seti, \u00e7ocuklar\u0131n k\u0131\u015f aylar\u0131nda s\u0131cak ve kuru kalmas\u0131n\u0131 sa\u011flar.; Polar materyali ile yumu\u015fak dokunu\u015fu, \u00e7ocuklar\u0131n tenini rahats\u0131z etmeden konforlu bir kullan\u0131m&hellip;<\/p>","protected":false},"featured_media":6332,"template":"","meta":[],"product_brand":[],"product_cat":[15,997,936],"product_tag":[],"class_list":{"0":"post-6333","1":"product","2":"type-product","3":"status-publish","4":"has-post-thumbnail","6":"product_cat-genel","7":"product_cat-atki-bere-eldiven","8":"product_cat-erkekcocuk","10":"first","11":"instock","12":"taxable","13":"shipping-taxable","14":"purchasable","15":"product-type-variable"},"_links":{"self":[{"href":"https:\/\/petityu.com\/en\/wp-json\/wp\/v2\/product\/6333","targetHints":{"allow":["GET"]}}],"collection":[{"href":"https:\/\/petityu.com\/en\/wp-json\/wp\/v2\/product"}],"about":[{"href":"https:\/\/petityu.com\/en\/wp-json\/wp\/v2\/types\/product"}],"wp:featuredmedia":[{"embeddable":true,"href":"https:\/\/petityu.com\/en\/wp-json\/wp\/v2\/media\/6332"}],"wp:attachment":[{"href":"https:\/\/petityu.com\/en\/wp-json\/wp\/v2\/media?parent=6333"}],"wp:term":[{"taxonomy":"product_brand","embeddable":true,"href":"https:\/\/petityu.com\/en\/wp-json\/wp\/v2\/product_brand?post=6333"},{"taxonomy":"product_cat","embeddable":true,"href":"https:\/\/petityu.com\/en\/wp-json\/wp\/v2\/product_cat?post=6333"},{"taxonomy":"product_tag","embeddable":true,"href":"https:\/\/petityu.com\/en\/wp-json\/wp\/v2\/product_tag?post=6333"}],"curies":[{"name":"wp","href":"https:\/\/api.w.org\/{rel}","templated":true}]}}