{"id":6342,"date":"2024-09-19T15:32:58","date_gmt":"2024-09-19T12:32:58","guid":{"rendered":"https:\/\/petityu.com\/mavi-ici-pufudik-sicak-tutan-yumusacik-eldiven\/"},"modified":"2026-03-04T17:25:17","modified_gmt":"2026-03-04T14:25:17","slug":"mavi-ici-pufudik-sicak-tutan-yumusacik-eldiven","status":"publish","type":"product","link":"https:\/\/petityu.com\/en\/mavi-ici-pufudik-sicak-tutan-yumusacik-eldiven\/","title":{"rendered":"Petityu Mavi \u0130\u00e7i Pufudik S\u0131cak Tutan Yumu\u015fac\u0131k Eldiven"},"content":{"rendered":"<p><p>mavi desenli kayak board eldiveni kar eldiveni sicacik tutar ve su gecirmez yumusacik<\/p><\/p>","protected":false},"excerpt":{"rendered":"<p>mavi desenli kayak board eldiveni kar eldiveni sicacik tutar ve su gecirmez yumusacik<\/p>","protected":false},"featured_media":6340,"template":"","meta":[],"product_brand":[],"product_cat":[15,997,936],"product_tag":[],"class_list":{"0":"post-6342","1":"product","2":"type-product","3":"status-publish","4":"has-post-thumbnail","6":"product_cat-genel","7":"product_cat-atki-bere-eldiven","8":"product_cat-erkekcocuk","10":"first","11":"instock","12":"taxable","13":"shipping-taxable","14":"purchasable","15":"product-type-variable"},"_links":{"self":[{"href":"https:\/\/petityu.com\/en\/wp-json\/wp\/v2\/product\/6342","targetHints":{"allow":["GET"]}}],"collection":[{"href":"https:\/\/petityu.com\/en\/wp-json\/wp\/v2\/product"}],"about":[{"href":"https:\/\/petityu.com\/en\/wp-json\/wp\/v2\/types\/product"}],"wp:featuredmedia":[{"embeddable":true,"href":"https:\/\/petityu.com\/en\/wp-json\/wp\/v2\/media\/6340"}],"wp:attachment":[{"href":"https:\/\/petityu.com\/en\/wp-json\/wp\/v2\/media?parent=6342"}],"wp:term":[{"taxonomy":"product_brand","embeddable":true,"href":"https:\/\/petityu.com\/en\/wp-json\/wp\/v2\/product_brand?post=6342"},{"taxonomy":"product_cat","embeddable":true,"href":"https:\/\/petityu.com\/en\/wp-json\/wp\/v2\/product_cat?post=6342"},{"taxonomy":"product_tag","embeddable":true,"href":"https:\/\/petityu.com\/en\/wp-json\/wp\/v2\/product_tag?post=6342"}],"curies":[{"name":"wp","href":"https:\/\/api.w.org\/{rel}","templated":true}]}}