{"id":6350,"date":"2024-09-19T15:33:32","date_gmt":"2024-09-19T12:33:32","guid":{"rendered":"https:\/\/petityu.com\/dinazor-yagmur-pantalonu-dino-su-gecirmez-yagmur-pantalonu\/"},"modified":"2025-08-21T13:54:34","modified_gmt":"2025-08-21T10:54:34","slug":"dinazor-yagmur-pantalonu-dino-su-gecirmez-yagmur-pantalonu","status":"publish","type":"product","link":"https:\/\/petityu.com\/en\/dinazor-yagmur-pantalonu-dino-su-gecirmez-yagmur-pantalonu\/","title":{"rendered":"D\u0131nazor Yagmur Pantalonu &#8211; Dino Su Gecirmez Ya\u011fmur Pantalonu"},"content":{"rendered":"<p><p>su ge\u00e7irmez \u015firin pa\u00e7as\u0131 lastikli ya\u011fmur pantalonu ya\u011fmur tulumu erkek \u00e7ocuk ya\u011fmur pantalonu<\/p><\/p>","protected":false},"excerpt":{"rendered":"<p>su ge\u00e7irmez \u015firin pa\u00e7as\u0131 lastikli ya\u011fmur pantalonu ya\u011fmur tulumu erkek \u00e7ocuk ya\u011fmur pantalonu<\/p>","protected":false},"featured_media":6349,"template":"","meta":[],"product_brand":[],"product_cat":[936,15,1000],"product_tag":[],"class_list":{"0":"post-6350","1":"product","2":"type-product","3":"status-publish","4":"has-post-thumbnail","6":"product_cat-erkekcocuk","7":"product_cat-genel","8":"product_cat-yagmurluk-yagmur-pantalonu-tulum","10":"first","11":"outofstock","12":"taxable","13":"shipping-taxable","14":"purchasable","15":"product-type-variable"},"_links":{"self":[{"href":"https:\/\/petityu.com\/en\/wp-json\/wp\/v2\/product\/6350","targetHints":{"allow":["GET"]}}],"collection":[{"href":"https:\/\/petityu.com\/en\/wp-json\/wp\/v2\/product"}],"about":[{"href":"https:\/\/petityu.com\/en\/wp-json\/wp\/v2\/types\/product"}],"wp:featuredmedia":[{"embeddable":true,"href":"https:\/\/petityu.com\/en\/wp-json\/wp\/v2\/media\/6349"}],"wp:attachment":[{"href":"https:\/\/petityu.com\/en\/wp-json\/wp\/v2\/media?parent=6350"}],"wp:term":[{"taxonomy":"product_brand","embeddable":true,"href":"https:\/\/petityu.com\/en\/wp-json\/wp\/v2\/product_brand?post=6350"},{"taxonomy":"product_cat","embeddable":true,"href":"https:\/\/petityu.com\/en\/wp-json\/wp\/v2\/product_cat?post=6350"},{"taxonomy":"product_tag","embeddable":true,"href":"https:\/\/petityu.com\/en\/wp-json\/wp\/v2\/product_tag?post=6350"}],"curies":[{"name":"wp","href":"https:\/\/api.w.org\/{rel}","templated":true}]}}