{"id":6356,"date":"2024-09-19T15:33:54","date_gmt":"2024-09-19T12:33:54","guid":{"rendered":"https:\/\/petityu.com\/unicorn-flamingo-simit-pembe-mint-yesili-firfirli-bikini\/"},"modified":"2026-02-26T13:52:24","modified_gmt":"2026-02-26T10:52:24","slug":"unicorn-flamingo-simit-pembe-mint-yesili-firfirli-bikini","status":"publish","type":"product","link":"https:\/\/petityu.com\/en\/unicorn-flamingo-simit-pembe-mint-yesili-firfirli-bikini\/","title":{"rendered":"Petityu Unicorn Flamingo Simit Pembe Mint Ye\u015fili F\u0131rf\u0131rl\u0131 Bikini"},"content":{"rendered":"<p>Renkli ve e\u011flenceli tasar\u0131m\u0131yla \u00e7ocuklar\u0131n ilgisini \u00e7eken unicorn flamingo simit pembe mint ye\u015fili firfirli bikini, her \u00e7ocu\u011fun hayal g\u00fcc\u00fcn\u00fc harekete ge\u00e7iriyor.; Ask\u0131l\u0131 tasar\u0131m\u0131 sayesinde \u00e7ocuklar\u0131n hareket \u00f6zg\u00fcrl\u00fc\u011f\u00fcn\u00fc k\u0131s\u0131tlamaz ve denizde veya havuzda rahat\u00e7a oynayabilirler.; Her ya\u015f grubuna hitap eden bu bikini tak\u0131m\u0131, t\u00fcm \u00e7ocuklar\u0131n severek giyebilece\u011fi \u015fekilde tasarlanm\u0131\u015ft\u0131r; b\u00f6ylece aileler de bu e\u011flenceli par\u00e7ay\u0131 sevdikleriyle payla\u015fabilir.;<\/p>","protected":false},"excerpt":{"rendered":"<p>Renkli ve e\u011flenceli tasar\u0131m\u0131yla \u00e7ocuklar\u0131n ilgisini \u00e7eken unicorn flamingo simit pembe mint ye\u015fili firfirli bikini, her \u00e7ocu\u011fun hayal g\u00fcc\u00fcn\u00fc harekete ge\u00e7iriyor.; Ask\u0131l\u0131 tasar\u0131m\u0131 sayesinde \u00e7ocuklar\u0131n&hellip;<\/p>","protected":false},"featured_media":6354,"template":"","meta":[],"product_brand":[],"product_cat":[15],"product_tag":[],"class_list":{"0":"post-6356","1":"product","2":"type-product","3":"status-publish","4":"has-post-thumbnail","6":"product_cat-genel","8":"first","9":"instock","10":"taxable","11":"shipping-taxable","12":"purchasable","13":"product-type-variable"},"_links":{"self":[{"href":"https:\/\/petityu.com\/en\/wp-json\/wp\/v2\/product\/6356","targetHints":{"allow":["GET"]}}],"collection":[{"href":"https:\/\/petityu.com\/en\/wp-json\/wp\/v2\/product"}],"about":[{"href":"https:\/\/petityu.com\/en\/wp-json\/wp\/v2\/types\/product"}],"wp:featuredmedia":[{"embeddable":true,"href":"https:\/\/petityu.com\/en\/wp-json\/wp\/v2\/media\/6354"}],"wp:attachment":[{"href":"https:\/\/petityu.com\/en\/wp-json\/wp\/v2\/media?parent=6356"}],"wp:term":[{"taxonomy":"product_brand","embeddable":true,"href":"https:\/\/petityu.com\/en\/wp-json\/wp\/v2\/product_brand?post=6356"},{"taxonomy":"product_cat","embeddable":true,"href":"https:\/\/petityu.com\/en\/wp-json\/wp\/v2\/product_cat?post=6356"},{"taxonomy":"product_tag","embeddable":true,"href":"https:\/\/petityu.com\/en\/wp-json\/wp\/v2\/product_tag?post=6356"}],"curies":[{"name":"wp","href":"https:\/\/api.w.org\/{rel}","templated":true}]}}