{"id":6363,"date":"2024-09-19T15:34:16","date_gmt":"2024-09-19T12:34:16","guid":{"rendered":"https:\/\/petityu.com\/cicek-desenli-sugecirmez-eldiven-ici-kurklu-puf-sicacik-tutan-yumusacik-eldiven\/"},"modified":"2026-02-14T22:06:18","modified_gmt":"2026-02-14T19:06:18","slug":"cicek-desenli-sugecirmez-eldiven-ici-kurklu-puf-sicacik-tutan-yumusacik-eldiven","status":"publish","type":"product","link":"https:\/\/petityu.com\/en\/cicek-desenli-sugecirmez-eldiven-ici-kurklu-puf-sicacik-tutan-yumusacik-eldiven\/","title":{"rendered":"Petityu \u00c7i\u00e7ek Desenli Su Ge\u00e7irmez Eldiven \u0130\u00e7i K\u00fcrkl\u00fc Puf S\u0131cac\u0131k Tutan Yumu\u015fac\u0131k Eldiven"},"content":{"rendered":"<p><p>Su gecirmez eldiven Sicacik tutan puf eldiven Ici kurklu eldiven<\/p><\/p>","protected":false},"excerpt":{"rendered":"<p>Su gecirmez eldiven Sicacik tutan puf eldiven Ici kurklu eldiven<\/p>","protected":false},"featured_media":6362,"template":"","meta":[],"product_brand":[],"product_cat":[15,981,935],"product_tag":[],"class_list":{"0":"post-6363","1":"product","2":"type-product","3":"status-publish","4":"has-post-thumbnail","6":"product_cat-genel","7":"product_cat-bere-atki-eldiven","8":"product_cat-kizcocuk","10":"first","11":"instock","12":"taxable","13":"shipping-taxable","14":"purchasable","15":"product-type-variable"},"_links":{"self":[{"href":"https:\/\/petityu.com\/en\/wp-json\/wp\/v2\/product\/6363","targetHints":{"allow":["GET"]}}],"collection":[{"href":"https:\/\/petityu.com\/en\/wp-json\/wp\/v2\/product"}],"about":[{"href":"https:\/\/petityu.com\/en\/wp-json\/wp\/v2\/types\/product"}],"wp:featuredmedia":[{"embeddable":true,"href":"https:\/\/petityu.com\/en\/wp-json\/wp\/v2\/media\/6362"}],"wp:attachment":[{"href":"https:\/\/petityu.com\/en\/wp-json\/wp\/v2\/media?parent=6363"}],"wp:term":[{"taxonomy":"product_brand","embeddable":true,"href":"https:\/\/petityu.com\/en\/wp-json\/wp\/v2\/product_brand?post=6363"},{"taxonomy":"product_cat","embeddable":true,"href":"https:\/\/petityu.com\/en\/wp-json\/wp\/v2\/product_cat?post=6363"},{"taxonomy":"product_tag","embeddable":true,"href":"https:\/\/petityu.com\/en\/wp-json\/wp\/v2\/product_tag?post=6363"}],"curies":[{"name":"wp","href":"https:\/\/api.w.org\/{rel}","templated":true}]}}