{"id":6368,"date":"2024-09-19T15:34:40","date_gmt":"2024-09-19T12:34:40","guid":{"rendered":"https:\/\/petityu.com\/haki-sapkali-toprak-tonlari-cicekli-yazlik-sirin-elbise-elbise-sapka-takim\/"},"modified":"2026-04-07T15:08:11","modified_gmt":"2026-04-07T12:08:11","slug":"haki-sapkali-toprak-tonlari-cicekli-yazlik-sirin-elbise-elbise-sapka-takim","status":"publish","type":"product","link":"https:\/\/petityu.com\/en\/haki-sapkali-toprak-tonlari-cicekli-yazlik-sirin-elbise-elbise-sapka-takim\/","title":{"rendered":"Petityu Haki \u015eapkal\u0131 Toprak Tonlar\u0131 \u00c7i\u00e7ekli Yazl\u0131k \u015eirin Elbise &#8211; Elbise \u015eapka Tak\u0131m"},"content":{"rendered":"<p><p>Yaz aylar\u0131n\u0131n vazge\u00e7ilmezi \u00e7i\u00e7ek desenleriyle s\u00fcslenmi\u015f haki renkli bu elbise, hem \u015f\u0131k hem de rahat bir g\u00f6r\u00fcn\u00fcm sunuyor.; A-form fit kal\u0131b\u0131yla v\u00fccut hatlar\u0131n\u0131za m\u00fckemmel uyum sa\u011flayarak feminen bir siluet olu\u015fturuyor.; Regular boy tasar\u0131m\u0131 sayesinde farkl\u0131 boylara uygunluk g\u00f6stererek herkes taraf\u0131ndan tercih edilebilir.; Dokuma kuma\u015f\u0131, dayan\u0131kl\u0131 yap\u0131s\u0131yla uzun s\u00fcreli kullan\u0131m imkan\u0131 sunarken nefes alabilirli\u011fiyle konforlu bir deneyim sa\u011flar.; Bebeklerden yeti\u015fkinlere kadar t\u00fcm ya\u015f gruplar\u0131na hitap eden bu elbise, geni\u015f kullan\u0131c\u0131 yelpazesiyle dikkat \u00e7ekiyor.; D\u00fcz tasar\u0131m\u0131 sayesinde sade ve zarif bir stil aray\u0131\u015f\u0131nda olanlar i\u00e7in idealdir.;<\/p><\/p>","protected":false},"excerpt":{"rendered":"<p>Yaz aylar\u0131n\u0131n vazge\u00e7ilmezi \u00e7i\u00e7ek desenleriyle s\u00fcslenmi\u015f haki renkli bu elbise, hem \u015f\u0131k hem de rahat bir g\u00f6r\u00fcn\u00fcm sunuyor.; A-form fit kal\u0131b\u0131yla v\u00fccut hatlar\u0131n\u0131za m\u00fckemmel uyum&hellip;<\/p>","protected":false},"featured_media":6366,"template":"","meta":[],"product_brand":[],"product_cat":[15,972,935],"product_tag":[],"class_list":{"0":"post-6368","1":"product","2":"type-product","3":"status-publish","4":"has-post-thumbnail","6":"product_cat-genel","7":"product_cat-elbise","8":"product_cat-kizcocuk","10":"first","11":"instock","12":"taxable","13":"shipping-taxable","14":"purchasable","15":"product-type-variable"},"_links":{"self":[{"href":"https:\/\/petityu.com\/en\/wp-json\/wp\/v2\/product\/6368","targetHints":{"allow":["GET"]}}],"collection":[{"href":"https:\/\/petityu.com\/en\/wp-json\/wp\/v2\/product"}],"about":[{"href":"https:\/\/petityu.com\/en\/wp-json\/wp\/v2\/types\/product"}],"wp:featuredmedia":[{"embeddable":true,"href":"https:\/\/petityu.com\/en\/wp-json\/wp\/v2\/media\/6366"}],"wp:attachment":[{"href":"https:\/\/petityu.com\/en\/wp-json\/wp\/v2\/media?parent=6368"}],"wp:term":[{"taxonomy":"product_brand","embeddable":true,"href":"https:\/\/petityu.com\/en\/wp-json\/wp\/v2\/product_brand?post=6368"},{"taxonomy":"product_cat","embeddable":true,"href":"https:\/\/petityu.com\/en\/wp-json\/wp\/v2\/product_cat?post=6368"},{"taxonomy":"product_tag","embeddable":true,"href":"https:\/\/petityu.com\/en\/wp-json\/wp\/v2\/product_tag?post=6368"}],"curies":[{"name":"wp","href":"https:\/\/api.w.org\/{rel}","templated":true}]}}