{"id":6373,"date":"2024-09-19T15:34:59","date_gmt":"2024-09-19T12:34:59","guid":{"rendered":"https:\/\/petityu.com\/kopekbaligi-desenli-sugecirmez-eldiven-ici-kurklu-puf-sicacik-tutan-eldiven-kayak-eldiveni\/"},"modified":"2026-03-06T21:12:19","modified_gmt":"2026-03-06T18:12:19","slug":"kopekbaligi-desenli-sugecirmez-eldiven-ici-kurklu-puf-sicacik-tutan-eldiven-kayak-eldiveni","status":"publish","type":"product","link":"https:\/\/petityu.com\/en\/kopekbaligi-desenli-sugecirmez-eldiven-ici-kurklu-puf-sicacik-tutan-eldiven-kayak-eldiveni\/","title":{"rendered":"Petityu K\u00f6pekbal\u0131\u011f\u0131 Desenli Su Ge\u00e7irmez Eldiven \u0130\u00e7i K\u00fcrkl\u00fc Puf S\u0131cac\u0131k Tutan Eldiven &#8211; Kayak Eldiveni"},"content":{"rendered":"<p><p>su gecirmez kayakta kullanilabilir ici kurklu eldiven sicacik tutar<\/p><\/p>","protected":false},"excerpt":{"rendered":"<p>su gecirmez kayakta kullanilabilir ici kurklu eldiven sicacik tutar<\/p>","protected":false},"featured_media":6372,"template":"","meta":[],"product_brand":[],"product_cat":[15,997,936],"product_tag":[],"class_list":{"0":"post-6373","1":"product","2":"type-product","3":"status-publish","4":"has-post-thumbnail","6":"product_cat-genel","7":"product_cat-atki-bere-eldiven","8":"product_cat-erkekcocuk","10":"first","11":"instock","12":"taxable","13":"shipping-taxable","14":"purchasable","15":"product-type-variable"},"_links":{"self":[{"href":"https:\/\/petityu.com\/en\/wp-json\/wp\/v2\/product\/6373","targetHints":{"allow":["GET"]}}],"collection":[{"href":"https:\/\/petityu.com\/en\/wp-json\/wp\/v2\/product"}],"about":[{"href":"https:\/\/petityu.com\/en\/wp-json\/wp\/v2\/types\/product"}],"wp:featuredmedia":[{"embeddable":true,"href":"https:\/\/petityu.com\/en\/wp-json\/wp\/v2\/media\/6372"}],"wp:attachment":[{"href":"https:\/\/petityu.com\/en\/wp-json\/wp\/v2\/media?parent=6373"}],"wp:term":[{"taxonomy":"product_brand","embeddable":true,"href":"https:\/\/petityu.com\/en\/wp-json\/wp\/v2\/product_brand?post=6373"},{"taxonomy":"product_cat","embeddable":true,"href":"https:\/\/petityu.com\/en\/wp-json\/wp\/v2\/product_cat?post=6373"},{"taxonomy":"product_tag","embeddable":true,"href":"https:\/\/petityu.com\/en\/wp-json\/wp\/v2\/product_tag?post=6373"}],"curies":[{"name":"wp","href":"https:\/\/api.w.org\/{rel}","templated":true}]}}