{"id":6391,"date":"2024-09-19T15:37:03","date_gmt":"2024-09-19T12:37:03","guid":{"rendered":"https:\/\/petityu.com\/knittedbygranma-el-yapimi-pamuk-orgu-hirka-yelek-pembe\/"},"modified":"2025-10-09T17:09:12","modified_gmt":"2025-10-09T14:09:12","slug":"knittedbygranma-el-yapimi-pamuk-orgu-hirka-yelek-pembe","status":"publish","type":"product","link":"https:\/\/petityu.com\/en\/knittedbygranma-el-yapimi-pamuk-orgu-hirka-yelek-pembe\/","title":{"rendered":"Petityu El Yap\u0131m\u0131 Pamuk \u00d6rg\u00fc H\u0131rka Yelek- Pembe"},"content":{"rendered":"<p>Bebekleriniz i\u00e7in \u00f6zel olarak tasarlanm\u0131\u015f, yumu\u015fak dokusu ve rahat yap\u0131s\u0131yla dikkat \u00e7eken \u00f6rg\u00fc h\u0131rka yelek.; Tek cepli tasar\u0131m\u0131 sayesinde k\u00fc\u00e7\u00fck e\u015fyalar\u0131 kolayca ta\u015f\u0131ma imkan\u0131 sa\u011flar.; Regular boy kesimi ile bebeklerin hareket \u00f6zg\u00fcrl\u00fc\u011f\u00fcn\u00fc k\u0131s\u0131tlamaz ve konforlu bir kullan\u0131m sunar.; El eme\u011fiyle \u00f6r\u00fclen bu h\u0131rka yelek, hem \u015f\u0131kl\u0131\u011f\u0131 hem de kaliteyi evinizin rahatl\u0131\u011f\u0131nda hissedin.;<\/p>","protected":false},"excerpt":{"rendered":"<p>Bebekleriniz i\u00e7in \u00f6zel olarak tasarlanm\u0131\u015f, yumu\u015fak dokusu ve rahat yap\u0131s\u0131yla dikkat \u00e7eken \u00f6rg\u00fc h\u0131rka yelek.; Tek cepli tasar\u0131m\u0131 sayesinde k\u00fc\u00e7\u00fck e\u015fyalar\u0131 kolayca ta\u015f\u0131ma imkan\u0131 sa\u011flar.;&hellip;<\/p>","protected":false},"featured_media":6390,"template":"","meta":[],"product_brand":[],"product_cat":[15,935,985],"product_tag":[],"class_list":{"0":"post-6391","1":"product","2":"type-product","3":"status-publish","4":"has-post-thumbnail","6":"product_cat-genel","7":"product_cat-kizcocuk","8":"product_cat-orgu-yelek","10":"first","11":"instock","12":"taxable","13":"shipping-taxable","14":"purchasable","15":"product-type-variable"},"_links":{"self":[{"href":"https:\/\/petityu.com\/en\/wp-json\/wp\/v2\/product\/6391","targetHints":{"allow":["GET"]}}],"collection":[{"href":"https:\/\/petityu.com\/en\/wp-json\/wp\/v2\/product"}],"about":[{"href":"https:\/\/petityu.com\/en\/wp-json\/wp\/v2\/types\/product"}],"wp:featuredmedia":[{"embeddable":true,"href":"https:\/\/petityu.com\/en\/wp-json\/wp\/v2\/media\/6390"}],"wp:attachment":[{"href":"https:\/\/petityu.com\/en\/wp-json\/wp\/v2\/media?parent=6391"}],"wp:term":[{"taxonomy":"product_brand","embeddable":true,"href":"https:\/\/petityu.com\/en\/wp-json\/wp\/v2\/product_brand?post=6391"},{"taxonomy":"product_cat","embeddable":true,"href":"https:\/\/petityu.com\/en\/wp-json\/wp\/v2\/product_cat?post=6391"},{"taxonomy":"product_tag","embeddable":true,"href":"https:\/\/petityu.com\/en\/wp-json\/wp\/v2\/product_tag?post=6391"}],"curies":[{"name":"wp","href":"https:\/\/api.w.org\/{rel}","templated":true}]}}