{"id":6397,"date":"2024-09-19T15:37:36","date_gmt":"2024-09-19T12:37:36","guid":{"rendered":"https:\/\/petityu.com\/tutu-parlak-yildizli-pembe-kiz-cocuk-sirin-kat-kat-elbise-dogumgunu-elbisesi\/"},"modified":"2026-02-27T13:45:42","modified_gmt":"2026-02-27T10:45:42","slug":"tutu-parlak-yildizli-pembe-kiz-cocuk-sirin-kat-kat-elbise-dogumgunu-elbisesi","status":"publish","type":"product","link":"https:\/\/petityu.com\/en\/tutu-parlak-yildizli-pembe-kiz-cocuk-sirin-kat-kat-elbise-dogumgunu-elbisesi\/","title":{"rendered":"Petityu Tutu Parlak Y\u0131ld\u0131zl\u0131 Pembe K\u0131z \u00c7ocuk \u015eirin Kat Kat Elbise &#8211; Do\u011fumg\u00fcn\u00fc Elbisesi"},"content":{"rendered":"<p><p>Rahat kal\u0131b\u0131yla \u00e7ocuklar\u0131n g\u00fcn boyu konforunu d\u00fc\u015f\u00fcnen, regular fit tasar\u0131m\u0131 sayesinde hareket \u00f6zg\u00fcrl\u00fc\u011f\u00fcn\u00fc k\u0131s\u0131tlamaz.; Dokuma kuma\u015f\u0131, dayan\u0131kl\u0131l\u0131\u011f\u0131 art\u0131rarak uzun s\u00fcreli kullan\u0131m imkan\u0131 sunar.; Sade ve \u015f\u0131k g\u00f6r\u00fcn\u00fcm\u00fcyle dikkat \u00e7eken d\u00fcz deseni, her t\u00fcrl\u00fc aksesuarla kolayca kombinlenebilir.; \u0130nce yap\u0131s\u0131yla hafifli\u011fi hissettiren bu elbise, s\u0131cak yaz g\u00fcnlerinde idealdir.; Pamuklu materyali cildi tahri\u015f etmeden yumu\u015fak bir dokunu\u015f sa\u011flar; b\u00f6ylece \u00e7ocu\u011funuzun rahat\u00e7a oynayabilece\u011fi bir elbisedir.; T\u00fcm ya\u015f gruplar\u0131na hitap eden tasar\u0131m\u0131yla do\u011fum g\u00fcn\u00fc partilerinde veya g\u00fcnl\u00fck giyimde tercih edilebilir.; Mini boy kesimi ile modern ve \u015f\u0131k bir g\u00f6r\u00fcn\u00fcm kazand\u0131r\u0131rken, k\u00fc\u00e7\u00fck prenseslerinizi mutlu eder.;<\/p><\/p>","protected":false},"excerpt":{"rendered":"<p>Rahat kal\u0131b\u0131yla \u00e7ocuklar\u0131n g\u00fcn boyu konforunu d\u00fc\u015f\u00fcnen, regular fit tasar\u0131m\u0131 sayesinde hareket \u00f6zg\u00fcrl\u00fc\u011f\u00fcn\u00fc k\u0131s\u0131tlamaz.; Dokuma kuma\u015f\u0131, dayan\u0131kl\u0131l\u0131\u011f\u0131 art\u0131rarak uzun s\u00fcreli kullan\u0131m imkan\u0131 sunar.; Sade ve&hellip;<\/p>","protected":false},"featured_media":6394,"template":"","meta":[],"product_brand":[],"product_cat":[15,972,935],"product_tag":[],"class_list":{"0":"post-6397","1":"product","2":"type-product","3":"status-publish","4":"has-post-thumbnail","6":"product_cat-genel","7":"product_cat-elbise","8":"product_cat-kizcocuk","10":"first","11":"instock","12":"taxable","13":"shipping-taxable","14":"purchasable","15":"product-type-variable"},"_links":{"self":[{"href":"https:\/\/petityu.com\/en\/wp-json\/wp\/v2\/product\/6397","targetHints":{"allow":["GET"]}}],"collection":[{"href":"https:\/\/petityu.com\/en\/wp-json\/wp\/v2\/product"}],"about":[{"href":"https:\/\/petityu.com\/en\/wp-json\/wp\/v2\/types\/product"}],"wp:featuredmedia":[{"embeddable":true,"href":"https:\/\/petityu.com\/en\/wp-json\/wp\/v2\/media\/6394"}],"wp:attachment":[{"href":"https:\/\/petityu.com\/en\/wp-json\/wp\/v2\/media?parent=6397"}],"wp:term":[{"taxonomy":"product_brand","embeddable":true,"href":"https:\/\/petityu.com\/en\/wp-json\/wp\/v2\/product_brand?post=6397"},{"taxonomy":"product_cat","embeddable":true,"href":"https:\/\/petityu.com\/en\/wp-json\/wp\/v2\/product_cat?post=6397"},{"taxonomy":"product_tag","embeddable":true,"href":"https:\/\/petityu.com\/en\/wp-json\/wp\/v2\/product_tag?post=6397"}],"curies":[{"name":"wp","href":"https:\/\/api.w.org\/{rel}","templated":true}]}}