{"id":6409,"date":"2024-09-19T15:38:38","date_gmt":"2024-09-19T12:38:38","guid":{"rendered":"https:\/\/petityu.com\/unicorn-somon-pembe-3d-su-gecirmez-yagmurluk\/"},"modified":"2025-10-24T00:09:44","modified_gmt":"2025-10-23T21:09:44","slug":"unicorn-somon-pembe-3d-su-gecirmez-yagmurluk","status":"publish","type":"product","link":"https:\/\/petityu.com\/en\/unicorn-somon-pembe-3d-su-gecirmez-yagmurluk\/","title":{"rendered":"Petityu Unicorn Somon Pembe 3d Su Ge\u00e7irmez Ya\u011fmurluk"},"content":{"rendered":"<p><p>Small 2-4 yas Medium 4-6 yas Large 6-8 yas Su ge\u00e7irmez 3 boyutlu ya\u011fmurluk Su ge\u00e7irmez ve hava alabilen kuma\u015f<\/p><\/p>","protected":false},"excerpt":{"rendered":"<p>Small 2-4 yas Medium 4-6 yas Large 6-8 yas Su ge\u00e7irmez 3 boyutlu ya\u011fmurluk Su ge\u00e7irmez ve hava alabilen kuma\u015f<\/p>","protected":false},"featured_media":6406,"template":"","meta":[],"product_brand":[],"product_cat":[15,935,973],"product_tag":[],"class_list":{"0":"post-6409","1":"product","2":"type-product","3":"status-publish","4":"has-post-thumbnail","6":"product_cat-genel","7":"product_cat-kizcocuk","8":"product_cat-yagmurluk-tulum-yagmur-pantalonu","10":"first","11":"instock","12":"taxable","13":"shipping-taxable","14":"purchasable","15":"product-type-variable"},"_links":{"self":[{"href":"https:\/\/petityu.com\/en\/wp-json\/wp\/v2\/product\/6409","targetHints":{"allow":["GET"]}}],"collection":[{"href":"https:\/\/petityu.com\/en\/wp-json\/wp\/v2\/product"}],"about":[{"href":"https:\/\/petityu.com\/en\/wp-json\/wp\/v2\/types\/product"}],"wp:featuredmedia":[{"embeddable":true,"href":"https:\/\/petityu.com\/en\/wp-json\/wp\/v2\/media\/6406"}],"wp:attachment":[{"href":"https:\/\/petityu.com\/en\/wp-json\/wp\/v2\/media?parent=6409"}],"wp:term":[{"taxonomy":"product_brand","embeddable":true,"href":"https:\/\/petityu.com\/en\/wp-json\/wp\/v2\/product_brand?post=6409"},{"taxonomy":"product_cat","embeddable":true,"href":"https:\/\/petityu.com\/en\/wp-json\/wp\/v2\/product_cat?post=6409"},{"taxonomy":"product_tag","embeddable":true,"href":"https:\/\/petityu.com\/en\/wp-json\/wp\/v2\/product_tag?post=6409"}],"curies":[{"name":"wp","href":"https:\/\/api.w.org\/{rel}","templated":true}]}}