{"id":6417,"date":"2024-09-19T15:39:15","date_gmt":"2024-09-19T12:39:15","guid":{"rendered":"https:\/\/petityu.com\/unicorn-ici-pufudik-sicak-tutan-yumusacik-eldiven\/"},"modified":"2026-02-04T15:29:24","modified_gmt":"2026-02-04T12:29:24","slug":"unicorn-ici-pufudik-sicak-tutan-yumusacik-eldiven","status":"publish","type":"product","link":"https:\/\/petityu.com\/en\/unicorn-ici-pufudik-sicak-tutan-yumusacik-eldiven\/","title":{"rendered":"Petityu Unicorn \u0130\u00e7i Pufudik S\u0131cak Tutan Yumu\u015fac\u0131k Eldiven"},"content":{"rendered":"<p><p>Unicorn temal\u0131 bu yumu\u015fak eldivenler, \u00e7ocuklar\u0131n ellerini s\u0131cak tutarken onlara e\u011flenceli ve sevimli bir stil kazand\u0131r\u0131r. \u00c7ocuklar\u0131n hayal d\u00fcnyas\u0131na hitap eden bu eldivenler, so\u011fuk havalarda bile minik ellerin korunmas\u0131n\u0131 sa\u011flar.;<\/p><\/p>","protected":false},"excerpt":{"rendered":"<p>Unicorn temal\u0131 bu yumu\u015fak eldivenler, \u00e7ocuklar\u0131n ellerini s\u0131cak tutarken onlara e\u011flenceli ve sevimli bir stil kazand\u0131r\u0131r. \u00c7ocuklar\u0131n hayal d\u00fcnyas\u0131na hitap eden bu eldivenler, so\u011fuk havalarda&hellip;<\/p>","protected":false},"featured_media":6414,"template":"","meta":[],"product_brand":[],"product_cat":[981,15,935],"product_tag":[],"class_list":{"0":"post-6417","1":"product","2":"type-product","3":"status-publish","4":"has-post-thumbnail","6":"product_cat-bere-atki-eldiven","7":"product_cat-genel","8":"product_cat-kizcocuk","10":"first","11":"instock","12":"taxable","13":"shipping-taxable","14":"purchasable","15":"product-type-variable"},"_links":{"self":[{"href":"https:\/\/petityu.com\/en\/wp-json\/wp\/v2\/product\/6417","targetHints":{"allow":["GET"]}}],"collection":[{"href":"https:\/\/petityu.com\/en\/wp-json\/wp\/v2\/product"}],"about":[{"href":"https:\/\/petityu.com\/en\/wp-json\/wp\/v2\/types\/product"}],"wp:featuredmedia":[{"embeddable":true,"href":"https:\/\/petityu.com\/en\/wp-json\/wp\/v2\/media\/6414"}],"wp:attachment":[{"href":"https:\/\/petityu.com\/en\/wp-json\/wp\/v2\/media?parent=6417"}],"wp:term":[{"taxonomy":"product_brand","embeddable":true,"href":"https:\/\/petityu.com\/en\/wp-json\/wp\/v2\/product_brand?post=6417"},{"taxonomy":"product_cat","embeddable":true,"href":"https:\/\/petityu.com\/en\/wp-json\/wp\/v2\/product_cat?post=6417"},{"taxonomy":"product_tag","embeddable":true,"href":"https:\/\/petityu.com\/en\/wp-json\/wp\/v2\/product_tag?post=6417"}],"curies":[{"name":"wp","href":"https:\/\/api.w.org\/{rel}","templated":true}]}}