{"id":6425,"date":"2024-09-19T15:40:03","date_gmt":"2024-09-19T12:40:03","guid":{"rendered":"https:\/\/petityu.com\/unicorn-sweatshirt-ve-parlak-tul-tutu-etek-kombin\/"},"modified":"2026-04-10T17:01:52","modified_gmt":"2026-04-10T14:01:52","slug":"unicorn-sweatshirt-ve-parlak-tul-tutu-etek-kombin","status":"publish","type":"product","link":"https:\/\/petityu.com\/en\/unicorn-sweatshirt-ve-parlak-tul-tutu-etek-kombin\/","title":{"rendered":"Unicorn Sweatshirt Ve Parlak Tul Tutu Etek Kombin"},"content":{"rendered":"<p><p>Zarif t\u00fcl dokumas\u0131yla tasarlanm\u0131\u015f, ince ve hafif yap\u0131s\u0131yla konforlu bir kullan\u0131m sunar.; Parlak tutu ete\u011fi sayesinde feminen ve \u015f\u0131k bir g\u00f6r\u00fcn\u00fcm sa\u011flar.; Canl\u0131 deseniyle dikkat \u00e7eken bu kombin, hem g\u00fcnl\u00fck kullan\u0131m hem de \u00f6zel g\u00fcnler i\u00e7in idealdir.; Dokuma kuma\u015f\u0131 sayesinde dayan\u0131kl\u0131 ve uzun \u00f6m\u00fcrl\u00fcd\u00fcr, s\u0131k kullan\u0131mlarda bile formunu korur.; Ince kal\u0131nl\u0131\u011f\u0131yla mevsim ge\u00e7i\u015flerinde de rahatl\u0131kla tercih edilebilir; serin tutarken \u015f\u0131kl\u0131\u011f\u0131n\u0131zdan \u00f6d\u00fcn vermezsiniz.;<\/p><\/p>","protected":false},"excerpt":{"rendered":"<p>Zarif t\u00fcl dokumas\u0131yla tasarlanm\u0131\u015f, ince ve hafif yap\u0131s\u0131yla konforlu bir kullan\u0131m sunar.; Parlak tutu ete\u011fi sayesinde feminen ve \u015f\u0131k bir g\u00f6r\u00fcn\u00fcm sa\u011flar.; Canl\u0131 deseniyle dikkat&hellip;<\/p>","protected":false},"featured_media":6420,"template":"","meta":[],"product_brand":[],"product_cat":[15,971,935,976],"product_tag":[],"class_list":{"0":"post-6425","1":"product","2":"type-product","3":"status-publish","4":"has-post-thumbnail","6":"product_cat-genel","7":"product_cat-etek","8":"product_cat-kizcocuk","9":"product_cat-sweatshirt","11":"first","12":"instock","13":"taxable","14":"shipping-taxable","15":"purchasable","16":"product-type-variable"},"_links":{"self":[{"href":"https:\/\/petityu.com\/en\/wp-json\/wp\/v2\/product\/6425","targetHints":{"allow":["GET"]}}],"collection":[{"href":"https:\/\/petityu.com\/en\/wp-json\/wp\/v2\/product"}],"about":[{"href":"https:\/\/petityu.com\/en\/wp-json\/wp\/v2\/types\/product"}],"wp:featuredmedia":[{"embeddable":true,"href":"https:\/\/petityu.com\/en\/wp-json\/wp\/v2\/media\/6420"}],"wp:attachment":[{"href":"https:\/\/petityu.com\/en\/wp-json\/wp\/v2\/media?parent=6425"}],"wp:term":[{"taxonomy":"product_brand","embeddable":true,"href":"https:\/\/petityu.com\/en\/wp-json\/wp\/v2\/product_brand?post=6425"},{"taxonomy":"product_cat","embeddable":true,"href":"https:\/\/petityu.com\/en\/wp-json\/wp\/v2\/product_cat?post=6425"},{"taxonomy":"product_tag","embeddable":true,"href":"https:\/\/petityu.com\/en\/wp-json\/wp\/v2\/product_tag?post=6425"}],"curies":[{"name":"wp","href":"https:\/\/api.w.org\/{rel}","templated":true}]}}