{"id":6445,"date":"2024-09-19T15:41:24","date_gmt":"2024-09-19T12:41:24","guid":{"rendered":"https:\/\/petityu.com\/upf50-hizli-kuruyan-mavi-cicekli-sirti-capraz-mayo\/"},"modified":"2026-04-22T18:28:08","modified_gmt":"2026-04-22T15:28:08","slug":"upf50-hizli-kuruyan-mavi-cicekli-sirti-capraz-mayo","status":"publish","type":"product","link":"https:\/\/petityu.com\/en\/upf50-hizli-kuruyan-mavi-cicekli-sirti-capraz-mayo\/","title":{"rendered":"Petityu Upf50+ H\u0131zl\u0131 Kuruyan Mavi \u00c7i\u00e7ekli S\u0131rt\u0131 \u00c7apraz Mayo"},"content":{"rendered":"<p>UPF50+ koruma fakt&ouml;r&uuml; ile g&uuml;ne\u015fin zararl\u0131 UV \u0131\u015f\u0131nlar\u0131na kar\u015f\u0131 tam koruma sa\u011flar.; H\u0131zl\u0131 kuruyan kuma\u015f\u0131 sayesinde suyun i&ccedil;inde veya d\u0131\u015f\u0131nda k\u0131sa s&uuml;rede kurulur, b&ouml;ylece g&uuml;n boyu ferah kalman\u0131z\u0131 sa\u011flar.; Canl\u0131 mavi &ccedil;i&ccedil;ek deseniyle g&ouml;z al\u0131c\u0131 bir g&ouml;r&uuml;n&uuml;m sunar, plajda veya havuz kenar\u0131nda stilinizi &ouml;ne &ccedil;\u0131kar\u0131r.; V&uuml;cudunuza m&uuml;kemmel uyum sa\u011flayan &ccedil;apraz s\u0131rt tasar\u0131m\u0131 ile rahat hareket etme &ouml;zg&uuml;rl&uuml;\u011f&uuml;n&uuml;z artar.; Dayan\u0131kl\u0131 malzemeden &uuml;retilmi\u015ftir, uzun s&uuml;reli kullan\u0131m i&ccedil;in idealdir.;<\/p>","protected":false},"excerpt":{"rendered":"<p>UPF50+ koruma fakt&ouml;r&uuml; ile g&uuml;ne\u015fin zararl\u0131 UV \u0131\u015f\u0131nlar\u0131na kar\u015f\u0131 tam koruma sa\u011flar.; H\u0131zl\u0131 kuruyan kuma\u015f\u0131 sayesinde suyun i&ccedil;inde veya d\u0131\u015f\u0131nda k\u0131sa s&uuml;rede kurulur, b&ouml;ylece g&uuml;n&hellip;<\/p>","protected":false},"featured_media":6444,"template":"","meta":[],"product_brand":[],"product_cat":[15,935,974],"product_tag":[],"class_list":{"0":"post-6445","1":"product","2":"type-product","3":"status-publish","4":"has-post-thumbnail","6":"product_cat-genel","7":"product_cat-kizcocuk","8":"product_cat-mayo","10":"first","11":"instock","12":"taxable","13":"shipping-taxable","14":"purchasable","15":"product-type-variable"},"_links":{"self":[{"href":"https:\/\/petityu.com\/en\/wp-json\/wp\/v2\/product\/6445","targetHints":{"allow":["GET"]}}],"collection":[{"href":"https:\/\/petityu.com\/en\/wp-json\/wp\/v2\/product"}],"about":[{"href":"https:\/\/petityu.com\/en\/wp-json\/wp\/v2\/types\/product"}],"wp:featuredmedia":[{"embeddable":true,"href":"https:\/\/petityu.com\/en\/wp-json\/wp\/v2\/media\/6444"}],"wp:attachment":[{"href":"https:\/\/petityu.com\/en\/wp-json\/wp\/v2\/media?parent=6445"}],"wp:term":[{"taxonomy":"product_brand","embeddable":true,"href":"https:\/\/petityu.com\/en\/wp-json\/wp\/v2\/product_brand?post=6445"},{"taxonomy":"product_cat","embeddable":true,"href":"https:\/\/petityu.com\/en\/wp-json\/wp\/v2\/product_cat?post=6445"},{"taxonomy":"product_tag","embeddable":true,"href":"https:\/\/petityu.com\/en\/wp-json\/wp\/v2\/product_tag?post=6445"}],"curies":[{"name":"wp","href":"https:\/\/api.w.org\/{rel}","templated":true}]}}