{"id":6462,"date":"2024-09-19T15:42:50","date_gmt":"2024-09-19T12:42:50","guid":{"rendered":"https:\/\/petityu.com\/upf50-lion-erkek-cocuk-hizli-kuruyan-gunes-korumali-mayo\/"},"modified":"2026-03-03T12:57:20","modified_gmt":"2026-03-03T09:57:20","slug":"upf50-lion-erkek-cocuk-hizli-kuruyan-gunes-korumali-mayo","status":"publish","type":"product","link":"https:\/\/petityu.com\/en\/upf50-lion-erkek-cocuk-hizli-kuruyan-gunes-korumali-mayo\/","title":{"rendered":"UPF50+ Lion Erkek \u00c7ocuk H\u0131zl\u0131 Kuruyan G\u00fcne\u015f Korumal\u0131 Mayo"},"content":{"rendered":"<p><p>UPF 50+ g\u00fcne\u015f korumal\u0131 h\u0131zl\u0131 kuruyan rahat giydirilebilen 1-2 yas 90 cm e kadar 2-3 yas 100 cm e kadar 3-4 yas 110 cm 4*5 yas 120 cm<\/p><\/p>","protected":false},"excerpt":{"rendered":"<p>UPF 50+ g\u00fcne\u015f korumal\u0131 h\u0131zl\u0131 kuruyan rahat giydirilebilen 1-2 yas 90 cm e kadar 2-3 yas 100 cm e kadar 3-4 yas 110 cm 4*5&hellip;<\/p>","protected":false},"featured_media":6461,"template":"","meta":[],"product_brand":[],"product_cat":[15,936,987],"product_tag":[],"class_list":{"0":"post-6462","1":"product","2":"type-product","3":"status-publish","4":"has-post-thumbnail","6":"product_cat-genel","7":"product_cat-erkekcocuk","8":"product_cat-mayo-erkekcocuk","10":"first","11":"instock","12":"taxable","13":"shipping-taxable","14":"purchasable","15":"product-type-variable"},"_links":{"self":[{"href":"https:\/\/petityu.com\/en\/wp-json\/wp\/v2\/product\/6462","targetHints":{"allow":["GET"]}}],"collection":[{"href":"https:\/\/petityu.com\/en\/wp-json\/wp\/v2\/product"}],"about":[{"href":"https:\/\/petityu.com\/en\/wp-json\/wp\/v2\/types\/product"}],"wp:featuredmedia":[{"embeddable":true,"href":"https:\/\/petityu.com\/en\/wp-json\/wp\/v2\/media\/6461"}],"wp:attachment":[{"href":"https:\/\/petityu.com\/en\/wp-json\/wp\/v2\/media?parent=6462"}],"wp:term":[{"taxonomy":"product_brand","embeddable":true,"href":"https:\/\/petityu.com\/en\/wp-json\/wp\/v2\/product_brand?post=6462"},{"taxonomy":"product_cat","embeddable":true,"href":"https:\/\/petityu.com\/en\/wp-json\/wp\/v2\/product_cat?post=6462"},{"taxonomy":"product_tag","embeddable":true,"href":"https:\/\/petityu.com\/en\/wp-json\/wp\/v2\/product_tag?post=6462"}],"curies":[{"name":"wp","href":"https:\/\/api.w.org\/{rel}","templated":true}]}}