{"id":6478,"date":"2024-09-19T15:43:52","date_gmt":"2024-09-19T12:43:52","guid":{"rendered":"https:\/\/petityu.com\/pembe-dondurma-desenli-sirin-firfirli-kafa-bantli-mayo\/"},"modified":"2025-08-26T12:18:47","modified_gmt":"2025-08-26T09:18:47","slug":"pembe-dondurma-desenli-sirin-firfirli-kafa-bantli-mayo","status":"publish","type":"product","link":"https:\/\/petityu.com\/en\/pembe-dondurma-desenli-sirin-firfirli-kafa-bantli-mayo\/","title":{"rendered":"Pembe Dondurma Desenli Sirin Firfirli Kafa Bantli Mayo"},"content":{"rendered":"<p>Sevimli dondurma desenleriyle s\u00fcslenmi\u015f, \u00e7ocuklar\u0131n ilgisini \u00e7eken renkli bir g\u00f6r\u00fcn\u00fcm sunar.; Bebek ve \u00e7ocuklar i\u00e7in uygun olarak tasarlanm\u0131\u015ft\u0131r; onlar\u0131n rahat hareket etmelerini sa\u011flar ve konforlu bir deneyim sunar.; Farkl\u0131 ya\u015f gruplar\u0131na hitap eden bu mayo, \u00e7ocuklar\u0131n su kenar\u0131nda e\u011flenceli vakit ge\u00e7irmelerini destekler.; Firfirli kafa band\u0131 sayesinde \u00e7ocu\u011funuzun sa\u00e7lar\u0131n\u0131 toplayarak g\u00fcvenli bir \u015fekilde y\u00fczmesini kolayla\u015ft\u0131r\u0131r.; Hafif ve nefes alabilen malzemeden \u00fcretilmi\u015ftir, b\u00f6ylece \u00e7ocuklar\u0131n\u0131z serin tutar ve hareket \u00f6zg\u00fcrl\u00fc\u011f\u00fcn\u00fc k\u0131s\u0131tlamaz.;<\/p>","protected":false},"excerpt":{"rendered":"<p>Sevimli dondurma desenleriyle s\u00fcslenmi\u015f, \u00e7ocuklar\u0131n ilgisini \u00e7eken renkli bir g\u00f6r\u00fcn\u00fcm sunar.; Bebek ve \u00e7ocuklar i\u00e7in uygun olarak tasarlanm\u0131\u015ft\u0131r; onlar\u0131n rahat hareket etmelerini sa\u011flar ve konforlu&hellip;<\/p>","protected":false},"featured_media":6476,"template":"","meta":[],"product_brand":[],"product_cat":[15,935,974],"product_tag":[],"class_list":{"0":"post-6478","1":"product","2":"type-product","3":"status-publish","4":"has-post-thumbnail","6":"product_cat-genel","7":"product_cat-kizcocuk","8":"product_cat-mayo","10":"first","11":"outofstock","12":"taxable","13":"shipping-taxable","14":"purchasable","15":"product-type-variable"},"_links":{"self":[{"href":"https:\/\/petityu.com\/en\/wp-json\/wp\/v2\/product\/6478","targetHints":{"allow":["GET"]}}],"collection":[{"href":"https:\/\/petityu.com\/en\/wp-json\/wp\/v2\/product"}],"about":[{"href":"https:\/\/petityu.com\/en\/wp-json\/wp\/v2\/types\/product"}],"wp:featuredmedia":[{"embeddable":true,"href":"https:\/\/petityu.com\/en\/wp-json\/wp\/v2\/media\/6476"}],"wp:attachment":[{"href":"https:\/\/petityu.com\/en\/wp-json\/wp\/v2\/media?parent=6478"}],"wp:term":[{"taxonomy":"product_brand","embeddable":true,"href":"https:\/\/petityu.com\/en\/wp-json\/wp\/v2\/product_brand?post=6478"},{"taxonomy":"product_cat","embeddable":true,"href":"https:\/\/petityu.com\/en\/wp-json\/wp\/v2\/product_cat?post=6478"},{"taxonomy":"product_tag","embeddable":true,"href":"https:\/\/petityu.com\/en\/wp-json\/wp\/v2\/product_tag?post=6478"}],"curies":[{"name":"wp","href":"https:\/\/api.w.org\/{rel}","templated":true}]}}