{"id":6491,"date":"2024-09-19T15:44:50","date_gmt":"2024-09-19T12:44:50","guid":{"rendered":"https:\/\/petityu.com\/pembe-furya-tul-parlak-gokkusagi-aplike-islemeli-beli-parlak-gumus-lastikli-tutu-etek\/"},"modified":"2026-01-06T14:32:23","modified_gmt":"2026-01-06T11:32:23","slug":"pembe-furya-tul-parlak-gokkusagi-aplike-islemeli-beli-parlak-gumus-lastikli-tutu-etek","status":"publish","type":"product","link":"https:\/\/petityu.com\/en\/pembe-furya-tul-parlak-gokkusagi-aplike-islemeli-beli-parlak-gumus-lastikli-tutu-etek\/","title":{"rendered":"Pembe Furya T\u00fcl Parlak G\u00f6kku\u015fa\u011f\u0131 Aplike I\u015flemeli Beli Parlak G\u00fcm\u00fc\u015f Lastikli Tutu Etek"},"content":{"rendered":"<p><p>t\u00fcl etek \u00fcst\u00fcnde parlak g\u00f6kku\u015fa\u011f\u0131 i\u015flemeli do\u011fumg\u00fcn\u00fc \u00f6zel g\u00fcnler i\u00e7in uygun i\u00e7i koton astarl\u0131 beli g\u00fcm\u00fc\u015f renkte lastikli<\/p><\/p>","protected":false},"excerpt":{"rendered":"<p>t\u00fcl etek \u00fcst\u00fcnde parlak g\u00f6kku\u015fa\u011f\u0131 i\u015flemeli do\u011fumg\u00fcn\u00fc \u00f6zel g\u00fcnler i\u00e7in uygun i\u00e7i koton astarl\u0131 beli g\u00fcm\u00fc\u015f renkte lastikli<\/p>","protected":false},"featured_media":6490,"template":"","meta":[],"product_brand":[],"product_cat":[15,971,935],"product_tag":[],"class_list":{"0":"post-6491","1":"product","2":"type-product","3":"status-publish","4":"has-post-thumbnail","6":"product_cat-genel","7":"product_cat-etek","8":"product_cat-kizcocuk","10":"first","11":"instock","12":"taxable","13":"shipping-taxable","14":"purchasable","15":"product-type-variable"},"_links":{"self":[{"href":"https:\/\/petityu.com\/en\/wp-json\/wp\/v2\/product\/6491","targetHints":{"allow":["GET"]}}],"collection":[{"href":"https:\/\/petityu.com\/en\/wp-json\/wp\/v2\/product"}],"about":[{"href":"https:\/\/petityu.com\/en\/wp-json\/wp\/v2\/types\/product"}],"wp:featuredmedia":[{"embeddable":true,"href":"https:\/\/petityu.com\/en\/wp-json\/wp\/v2\/media\/6490"}],"wp:attachment":[{"href":"https:\/\/petityu.com\/en\/wp-json\/wp\/v2\/media?parent=6491"}],"wp:term":[{"taxonomy":"product_brand","embeddable":true,"href":"https:\/\/petityu.com\/en\/wp-json\/wp\/v2\/product_brand?post=6491"},{"taxonomy":"product_cat","embeddable":true,"href":"https:\/\/petityu.com\/en\/wp-json\/wp\/v2\/product_cat?post=6491"},{"taxonomy":"product_tag","embeddable":true,"href":"https:\/\/petityu.com\/en\/wp-json\/wp\/v2\/product_tag?post=6491"}],"curies":[{"name":"wp","href":"https:\/\/api.w.org\/{rel}","templated":true}]}}