{"id":6497,"date":"2024-09-19T15:45:13","date_gmt":"2024-09-19T12:45:13","guid":{"rendered":"https:\/\/petityu.com\/pembe-cicekli-buzgulu-mayo-sirti-capraz-upf50\/"},"modified":"2026-03-10T16:12:52","modified_gmt":"2026-03-10T13:12:52","slug":"pembe-cicekli-buzgulu-mayo-sirti-capraz-upf50","status":"publish","type":"product","link":"https:\/\/petityu.com\/en\/pembe-cicekli-buzgulu-mayo-sirti-capraz-upf50\/","title":{"rendered":"Pembe Cicekli Buzgulu Mayo Sirti Capraz Upf50+"},"content":{"rendered":"<p>UPF50+ koruma fakt\u00f6r\u00fc ile g\u00fcne\u015ften gelen zararl\u0131 UV \u0131\u015f\u0131nlar\u0131na kar\u015f\u0131 y\u00fcksek d\u00fczeyde koruma sa\u011flar.; S\u0131rt b\u00f6lgesindeki \u00e7apraz ask\u0131 tasar\u0131m\u0131, omuzlar\u0131 destekleyerek daha rahat bir kullan\u0131m sunar.; Canl\u0131 ve ne\u015feli pembe \u00e7i\u00e7ek detaylar\u0131yla y\u00fczme esnas\u0131nda bile enerjinizi y\u00fcksek tutman\u0131z\u0131 sa\u011flar.; H\u0131zl\u0131 kuruyan kuma\u015f\u0131 sayesinde su i\u00e7inde ve d\u0131\u015f\u0131nda h\u0131zl\u0131ca kurur, b\u00f6ylece g\u00fcn\u00fcn\u00fcz\u00fcn keyfini kesintisiz s\u00fcrd\u00fcrebilirsiniz.; UPF50+ koruma fakt\u00f6r\u00fc ile g\u00fcne\u015fin zararl\u0131 etkilerine kar\u015f\u0131 etkin bir \u015fekilde korunman\u0131z\u0131 sa\u011flar.;<\/p>","protected":false},"excerpt":{"rendered":"<p>UPF50+ koruma fakt\u00f6r\u00fc ile g\u00fcne\u015ften gelen zararl\u0131 UV \u0131\u015f\u0131nlar\u0131na kar\u015f\u0131 y\u00fcksek d\u00fczeyde koruma sa\u011flar.; S\u0131rt b\u00f6lgesindeki \u00e7apraz ask\u0131 tasar\u0131m\u0131, omuzlar\u0131 destekleyerek daha rahat bir kullan\u0131m&hellip;<\/p>","protected":false},"featured_media":6496,"template":"","meta":[],"product_brand":[],"product_cat":[15,935,974],"product_tag":[],"class_list":{"0":"post-6497","1":"product","2":"type-product","3":"status-publish","4":"has-post-thumbnail","6":"product_cat-genel","7":"product_cat-kizcocuk","8":"product_cat-mayo","10":"first","11":"instock","12":"taxable","13":"shipping-taxable","14":"purchasable","15":"product-type-variable"},"_links":{"self":[{"href":"https:\/\/petityu.com\/en\/wp-json\/wp\/v2\/product\/6497","targetHints":{"allow":["GET"]}}],"collection":[{"href":"https:\/\/petityu.com\/en\/wp-json\/wp\/v2\/product"}],"about":[{"href":"https:\/\/petityu.com\/en\/wp-json\/wp\/v2\/types\/product"}],"wp:featuredmedia":[{"embeddable":true,"href":"https:\/\/petityu.com\/en\/wp-json\/wp\/v2\/media\/6496"}],"wp:attachment":[{"href":"https:\/\/petityu.com\/en\/wp-json\/wp\/v2\/media?parent=6497"}],"wp:term":[{"taxonomy":"product_brand","embeddable":true,"href":"https:\/\/petityu.com\/en\/wp-json\/wp\/v2\/product_brand?post=6497"},{"taxonomy":"product_cat","embeddable":true,"href":"https:\/\/petityu.com\/en\/wp-json\/wp\/v2\/product_cat?post=6497"},{"taxonomy":"product_tag","embeddable":true,"href":"https:\/\/petityu.com\/en\/wp-json\/wp\/v2\/product_tag?post=6497"}],"curies":[{"name":"wp","href":"https:\/\/api.w.org\/{rel}","templated":true}]}}