{"id":6501,"date":"2024-09-19T15:45:30","date_gmt":"2024-09-19T12:45:30","guid":{"rendered":"https:\/\/petityu.com\/pembe-cicek-desenli-mayo-sirti-capraz-upf50\/"},"modified":"2026-03-10T16:11:04","modified_gmt":"2026-03-10T13:11:04","slug":"pembe-cicek-desenli-mayo-sirti-capraz-upf50","status":"publish","type":"product","link":"https:\/\/petityu.com\/en\/pembe-cicek-desenli-mayo-sirti-capraz-upf50\/","title":{"rendered":"Pembe \u00c7i\u00e7ek Desenli Mayo S\u0131rt\u0131 \u00c7apraz UPF50+"},"content":{"rendered":"<p><p>S\u0131rt\u0131 \u00e7apraz \u00e7i\u00e7ek desenli mayo<\/p><br \/>\n<p>UPF 50+<\/p><br \/>\n<p>Pembe renk<\/p><\/p>","protected":false},"excerpt":{"rendered":"<p>S\u0131rt\u0131 \u00e7apraz \u00e7i\u00e7ek desenli mayo UPF 50+ Pembe renk<\/p>","protected":false},"featured_media":6500,"template":"","meta":[],"product_brand":[],"product_cat":[15,935,974],"product_tag":[],"class_list":{"0":"post-6501","1":"product","2":"type-product","3":"status-publish","4":"has-post-thumbnail","6":"product_cat-genel","7":"product_cat-kizcocuk","8":"product_cat-mayo","10":"first","11":"instock","12":"taxable","13":"shipping-taxable","14":"purchasable","15":"product-type-variable"},"_links":{"self":[{"href":"https:\/\/petityu.com\/en\/wp-json\/wp\/v2\/product\/6501","targetHints":{"allow":["GET"]}}],"collection":[{"href":"https:\/\/petityu.com\/en\/wp-json\/wp\/v2\/product"}],"about":[{"href":"https:\/\/petityu.com\/en\/wp-json\/wp\/v2\/types\/product"}],"wp:featuredmedia":[{"embeddable":true,"href":"https:\/\/petityu.com\/en\/wp-json\/wp\/v2\/media\/6500"}],"wp:attachment":[{"href":"https:\/\/petityu.com\/en\/wp-json\/wp\/v2\/media?parent=6501"}],"wp:term":[{"taxonomy":"product_brand","embeddable":true,"href":"https:\/\/petityu.com\/en\/wp-json\/wp\/v2\/product_brand?post=6501"},{"taxonomy":"product_cat","embeddable":true,"href":"https:\/\/petityu.com\/en\/wp-json\/wp\/v2\/product_cat?post=6501"},{"taxonomy":"product_tag","embeddable":true,"href":"https:\/\/petityu.com\/en\/wp-json\/wp\/v2\/product_tag?post=6501"}],"curies":[{"name":"wp","href":"https:\/\/api.w.org\/{rel}","templated":true}]}}