{"id":6508,"date":"2024-09-19T15:45:59","date_gmt":"2024-09-19T12:45:59","guid":{"rendered":"https:\/\/petityu.com\/pembe-kugu-mayo-kiz-bebek-cocuk-mayo\/"},"modified":"2026-04-16T13:21:43","modified_gmt":"2026-04-16T10:21:43","slug":"pembe-kugu-mayo-kiz-bebek-cocuk-mayo","status":"publish","type":"product","link":"https:\/\/petityu.com\/en\/pembe-kugu-mayo-kiz-bebek-cocuk-mayo\/","title":{"rendered":"Pembe Ku\u011fu Mayo K\u0131z Bebek \u00c7ocuk Mayo"},"content":{"rendered":"<p><p>Bebek ve \u00e7ocuklar\u0131n rahatl\u0131\u011f\u0131 d\u00fc\u015f\u00fcn\u00fclerek tasarlanm\u0131\u015f, yumu\u015fak dokulu ve esnek kuma\u015ftan \u00fcretilmi\u015f pembe ku\u011fu mayosu, hareket \u00f6zg\u00fcrl\u00fc\u011f\u00fcn\u00fc k\u0131s\u0131tlamaz.; Canl\u0131 pembe ku\u011fu tasar\u0131m\u0131 ile dikkat \u00e7eken bu mayo, \u00e7ocuklar\u0131n e\u011flenceli vakit ge\u00e7irmesi i\u00e7in idealdir.; Kolay giyip \u00e7\u0131karmay\u0131 sa\u011flayan pratik tasar\u0131m\u0131yla ebeveynler i\u00e7in de b\u00fcy\u00fck kolayl\u0131k sa\u011flar.; H\u0131zl\u0131 kuruyan kuma\u015f yap\u0131s\u0131yla suyun tad\u0131n\u0131 \u00e7\u0131kar\u0131rken kuru kalma avantaj\u0131n\u0131 da beraberinde getirir.;<\/p><\/p>","protected":false},"excerpt":{"rendered":"<p>Bebek ve \u00e7ocuklar\u0131n rahatl\u0131\u011f\u0131 d\u00fc\u015f\u00fcn\u00fclerek tasarlanm\u0131\u015f, yumu\u015fak dokulu ve esnek kuma\u015ftan \u00fcretilmi\u015f pembe ku\u011fu mayosu, hareket \u00f6zg\u00fcrl\u00fc\u011f\u00fcn\u00fc k\u0131s\u0131tlamaz.; Canl\u0131 pembe ku\u011fu tasar\u0131m\u0131 ile dikkat \u00e7eken&hellip;<\/p>","protected":false},"featured_media":6505,"template":"","meta":[],"product_brand":[],"product_cat":[15,935,974],"product_tag":[],"class_list":{"0":"post-6508","1":"product","2":"type-product","3":"status-publish","4":"has-post-thumbnail","6":"product_cat-genel","7":"product_cat-kizcocuk","8":"product_cat-mayo","10":"first","11":"instock","12":"taxable","13":"shipping-taxable","14":"purchasable","15":"product-type-variable"},"_links":{"self":[{"href":"https:\/\/petityu.com\/en\/wp-json\/wp\/v2\/product\/6508","targetHints":{"allow":["GET"]}}],"collection":[{"href":"https:\/\/petityu.com\/en\/wp-json\/wp\/v2\/product"}],"about":[{"href":"https:\/\/petityu.com\/en\/wp-json\/wp\/v2\/types\/product"}],"wp:featuredmedia":[{"embeddable":true,"href":"https:\/\/petityu.com\/en\/wp-json\/wp\/v2\/media\/6505"}],"wp:attachment":[{"href":"https:\/\/petityu.com\/en\/wp-json\/wp\/v2\/media?parent=6508"}],"wp:term":[{"taxonomy":"product_brand","embeddable":true,"href":"https:\/\/petityu.com\/en\/wp-json\/wp\/v2\/product_brand?post=6508"},{"taxonomy":"product_cat","embeddable":true,"href":"https:\/\/petityu.com\/en\/wp-json\/wp\/v2\/product_cat?post=6508"},{"taxonomy":"product_tag","embeddable":true,"href":"https:\/\/petityu.com\/en\/wp-json\/wp\/v2\/product_tag?post=6508"}],"curies":[{"name":"wp","href":"https:\/\/api.w.org\/{rel}","templated":true}]}}