{"id":6515,"date":"2024-09-19T15:46:20","date_gmt":"2024-09-19T12:46:20","guid":{"rendered":"https:\/\/petityu.com\/upf-50-gunes-korumali-hizli-kuruyan-mint-yesil-renk-unisex-sapka\/"},"modified":"2026-03-26T15:17:16","modified_gmt":"2026-03-26T12:17:16","slug":"upf-50-gunes-korumali-hizli-kuruyan-mint-yesil-renk-unisex-sapka","status":"publish","type":"product","link":"https:\/\/petityu.com\/en\/upf-50-gunes-korumali-hizli-kuruyan-mint-yesil-renk-unisex-sapka\/","title":{"rendered":"UPF 50+ G\u00fcne\u015f Korumal\u0131 h\u0131zl\u0131 kuruyan mint ye\u015fil renk unisex \u015fapka"},"content":{"rendered":"<p><p>h\u0131zl\u0131 kuruyan UPF50+ g\u00fcne\u015f korumal\u0131 deniz kullan\u0131m\u0131 ya da \u015fehir kullan\u0131m\u0131na uygun Kafa \u00e7ap k\u0131sm\u0131ndan lastikli ayarlanabilir ve boydan ayarlanabilir ipli unisex \u015fapka<\/p><\/p>","protected":false},"excerpt":{"rendered":"<p>h\u0131zl\u0131 kuruyan UPF50+ g\u00fcne\u015f korumal\u0131 deniz kullan\u0131m\u0131 ya da \u015fehir kullan\u0131m\u0131na uygun Kafa \u00e7ap k\u0131sm\u0131ndan lastikli ayarlanabilir ve boydan ayarlanabilir ipli unisex \u015fapka<\/p>","protected":false},"featured_media":6514,"template":"","meta":[],"product_brand":[],"product_cat":[936,15,935,975,996],"product_tag":[],"class_list":{"0":"post-6515","1":"product","2":"type-product","3":"status-publish","4":"has-post-thumbnail","6":"product_cat-erkekcocuk","7":"product_cat-genel","8":"product_cat-kizcocuk","9":"product_cat-sapka","10":"product_cat-sapka-erkekcocuk","12":"first","13":"instock","14":"taxable","15":"shipping-taxable","16":"purchasable","17":"product-type-variable"},"_links":{"self":[{"href":"https:\/\/petityu.com\/en\/wp-json\/wp\/v2\/product\/6515","targetHints":{"allow":["GET"]}}],"collection":[{"href":"https:\/\/petityu.com\/en\/wp-json\/wp\/v2\/product"}],"about":[{"href":"https:\/\/petityu.com\/en\/wp-json\/wp\/v2\/types\/product"}],"wp:featuredmedia":[{"embeddable":true,"href":"https:\/\/petityu.com\/en\/wp-json\/wp\/v2\/media\/6514"}],"wp:attachment":[{"href":"https:\/\/petityu.com\/en\/wp-json\/wp\/v2\/media?parent=6515"}],"wp:term":[{"taxonomy":"product_brand","embeddable":true,"href":"https:\/\/petityu.com\/en\/wp-json\/wp\/v2\/product_brand?post=6515"},{"taxonomy":"product_cat","embeddable":true,"href":"https:\/\/petityu.com\/en\/wp-json\/wp\/v2\/product_cat?post=6515"},{"taxonomy":"product_tag","embeddable":true,"href":"https:\/\/petityu.com\/en\/wp-json\/wp\/v2\/product_tag?post=6515"}],"curies":[{"name":"wp","href":"https:\/\/api.w.org\/{rel}","templated":true}]}}