{"id":6520,"date":"2024-09-19T15:46:41","date_gmt":"2024-09-19T12:46:41","guid":{"rendered":"https:\/\/petityu.com\/upf-50-gunes-korumali-hizli-kuruyan-pembe-renk-sapka\/"},"modified":"2026-04-10T09:51:52","modified_gmt":"2026-04-10T06:51:52","slug":"upf-50-gunes-korumali-hizli-kuruyan-pembe-renk-sapka","status":"publish","type":"product","link":"https:\/\/petityu.com\/en\/upf-50-gunes-korumali-hizli-kuruyan-pembe-renk-sapka\/","title":{"rendered":"UPF 50+ G\u00fcne\u015f Korumal\u0131 H\u0131zl\u0131 Kuruyan Pembe Renk \u015eapka"},"content":{"rendered":"<p><p>UPF50+ G\u00fcne\u015f korumal\u0131 H\u0131zl\u0131 kuruyan Deniz kullan\u0131m\u0131na uygun Boyundan ayarlanabilir ip Kafa \u00e7ap\u0131ndan ayarlanabilir<\/p><\/p>","protected":false},"excerpt":{"rendered":"<p>UPF50+ G\u00fcne\u015f korumal\u0131 H\u0131zl\u0131 kuruyan Deniz kullan\u0131m\u0131na uygun Boyundan ayarlanabilir ip Kafa \u00e7ap\u0131ndan ayarlanabilir<\/p>","protected":false},"featured_media":6518,"template":"","meta":[],"product_brand":[],"product_cat":[15,935,975],"product_tag":[],"class_list":{"0":"post-6520","1":"product","2":"type-product","3":"status-publish","4":"has-post-thumbnail","6":"product_cat-genel","7":"product_cat-kizcocuk","8":"product_cat-sapka","10":"first","11":"instock","12":"taxable","13":"shipping-taxable","14":"purchasable","15":"product-type-variable"},"_links":{"self":[{"href":"https:\/\/petityu.com\/en\/wp-json\/wp\/v2\/product\/6520","targetHints":{"allow":["GET"]}}],"collection":[{"href":"https:\/\/petityu.com\/en\/wp-json\/wp\/v2\/product"}],"about":[{"href":"https:\/\/petityu.com\/en\/wp-json\/wp\/v2\/types\/product"}],"wp:featuredmedia":[{"embeddable":true,"href":"https:\/\/petityu.com\/en\/wp-json\/wp\/v2\/media\/6518"}],"wp:attachment":[{"href":"https:\/\/petityu.com\/en\/wp-json\/wp\/v2\/media?parent=6520"}],"wp:term":[{"taxonomy":"product_brand","embeddable":true,"href":"https:\/\/petityu.com\/en\/wp-json\/wp\/v2\/product_brand?post=6520"},{"taxonomy":"product_cat","embeddable":true,"href":"https:\/\/petityu.com\/en\/wp-json\/wp\/v2\/product_cat?post=6520"},{"taxonomy":"product_tag","embeddable":true,"href":"https:\/\/petityu.com\/en\/wp-json\/wp\/v2\/product_tag?post=6520"}],"curies":[{"name":"wp","href":"https:\/\/api.w.org\/{rel}","templated":true}]}}