{"id":6537,"date":"2024-09-19T15:47:36","date_gmt":"2024-09-19T12:47:36","guid":{"rendered":"https:\/\/petityu.com\/tutu-elsa-rengi-lilamsi-mavi-tutu-dogumguny-elbisesi-tutu-dogumgunu-elbisesi\/"},"modified":"2026-04-14T16:41:11","modified_gmt":"2026-04-14T13:41:11","slug":"tutu-elsa-rengi-lilamsi-mavi-tutu-dogumguny-elbisesi-tutu-dogumgunu-elbisesi","status":"publish","type":"product","link":"https:\/\/petityu.com\/en\/tutu-elsa-rengi-lilamsi-mavi-tutu-dogumguny-elbisesi-tutu-dogumgunu-elbisesi\/","title":{"rendered":"Petityu Tutu Elsa Rengi Lilamsi Mavi Tutu Do\u011fumg\u00fcn\u00fc Elbisesi"},"content":{"rendered":"<p><p>Her ya\u015f grubuna uygun tasar\u0131m\u0131yla \u00e7ocuklar\u0131n do\u011fum g\u00fcn\u00fc partileri i\u00e7in ideal se\u00e7im olan Tutu Elsa rengi lila mavi tutu do\u011fum g\u00fcn\u00fc elbisesi, canl\u0131 renkleri ve e\u011flenceli tasar\u0131m\u0131yla dikkat \u00e7ekiyor.; Astarl\u0131 yap\u0131s\u0131 sayesinde \u00e7ocuklar\u0131n konforunu d\u00fc\u015f\u00fcnerek \u00fcretilmi\u015f olup, yumu\u015fak dokusuyla g\u00fcn boyu rahatl\u0131k sa\u011flar.; Kolay bak\u0131m imkan\u0131 sunan Type 2 y\u0131kama talimat\u0131na sahip bu elbisenin uzun s\u00fcreli kullan\u0131m\u0131 d\u00fc\u015f\u00fcn\u00fclerek tasarlanm\u0131\u015ft\u0131r.; Dokuma kuma\u015f tipi ile kaliteli hissiyat veren Tutu Elsa rengi lila mavi tutu do\u011fum g\u00fcn\u00fc elbisesi, dayan\u0131kl\u0131 malzemelerden \u00fcretilmi\u015ftir.; K\u0131sa kollu ve d\u00fcz kesimli bu elbisenin a-line kal\u0131b\u0131 sayesinde \u00e7ocuklar\u0131n v\u00fccut hatlar\u0131n\u0131 nazik\u00e7e sararak \u015f\u0131k bir g\u00f6r\u00fcn\u00fcm sunar.; Basic silueti ile zamans\u0131z bir tarz yaratan Tutu Elsa rengi lila mavi tutu do\u011fum g\u00fcn\u00fc elbisesi, parti ortamlar\u0131 i\u00e7in m\u00fckemmel bir se\u00e7imdir.; D\u00fcz deseni ve s\u0131f\u0131r yaka tasar\u0131m\u0131 ile sade ama etkileyici bir g\u00f6r\u00fcn\u00fcm kazand\u0131r\u0131rken, fermuarl\u0131 kapama \u015fekli pratik kullan\u0131m imkan\u0131 sa\u011flar.; Regular boy kesimiyle her \u00e7ocu\u011fun v\u00fccut tipine uyum sa\u011flayan bu elbisenin t\u00fcm ya\u015f gruplar\u0131na hitap eden geni\u015f koleksiyonu, \u00f6zel g\u00fcnlerin vazge\u00e7ilmezi olacak.;<\/p><\/p>","protected":false},"excerpt":{"rendered":"<p>Her ya\u015f grubuna uygun tasar\u0131m\u0131yla \u00e7ocuklar\u0131n do\u011fum g\u00fcn\u00fc partileri i\u00e7in ideal se\u00e7im olan Tutu Elsa rengi lila mavi tutu do\u011fum g\u00fcn\u00fc elbisesi, canl\u0131 renkleri ve&hellip;<\/p>","protected":false},"featured_media":6536,"template":"","meta":[],"product_brand":[],"product_cat":[972,15,935],"product_tag":[],"class_list":{"0":"post-6537","1":"product","2":"type-product","3":"status-publish","4":"has-post-thumbnail","6":"product_cat-elbise","7":"product_cat-genel","8":"product_cat-kizcocuk","10":"first","11":"instock","12":"taxable","13":"shipping-taxable","14":"purchasable","15":"product-type-variable"},"_links":{"self":[{"href":"https:\/\/petityu.com\/en\/wp-json\/wp\/v2\/product\/6537","targetHints":{"allow":["GET"]}}],"collection":[{"href":"https:\/\/petityu.com\/en\/wp-json\/wp\/v2\/product"}],"about":[{"href":"https:\/\/petityu.com\/en\/wp-json\/wp\/v2\/types\/product"}],"wp:featuredmedia":[{"embeddable":true,"href":"https:\/\/petityu.com\/en\/wp-json\/wp\/v2\/media\/6536"}],"wp:attachment":[{"href":"https:\/\/petityu.com\/en\/wp-json\/wp\/v2\/media?parent=6537"}],"wp:term":[{"taxonomy":"product_brand","embeddable":true,"href":"https:\/\/petityu.com\/en\/wp-json\/wp\/v2\/product_brand?post=6537"},{"taxonomy":"product_cat","embeddable":true,"href":"https:\/\/petityu.com\/en\/wp-json\/wp\/v2\/product_cat?post=6537"},{"taxonomy":"product_tag","embeddable":true,"href":"https:\/\/petityu.com\/en\/wp-json\/wp\/v2\/product_tag?post=6537"}],"curies":[{"name":"wp","href":"https:\/\/api.w.org\/{rel}","templated":true}]}}