{"id":6542,"date":"2024-09-19T15:47:53","date_gmt":"2024-09-19T12:47:53","guid":{"rendered":"https:\/\/petityu.com\/uzun-kollu-gunes-korumali-erkek-cocuk-yengec-mayo\/"},"modified":"2025-08-21T14:23:00","modified_gmt":"2025-08-21T11:23:00","slug":"uzun-kollu-gunes-korumali-erkek-cocuk-yengec-mayo","status":"publish","type":"product","link":"https:\/\/petityu.com\/en\/uzun-kollu-gunes-korumali-erkek-cocuk-yengec-mayo\/","title":{"rendered":"Uzun Kollu G\u00fcne\u015f Korumal\u0131 Erkek \u00c7ocuk Yenge\u00e7 Mayo"},"content":{"rendered":"<p>Kolay giydirilebilen uzun kollu g\u00fcne\u015ften koruyan \u015fort mayo<\/p>","protected":false},"excerpt":{"rendered":"<p>Kolay giydirilebilen uzun kollu g\u00fcne\u015ften koruyan \u015fort mayo<\/p>","protected":false},"featured_media":6541,"template":"","meta":[],"product_brand":[],"product_cat":[936,15,987],"product_tag":[],"class_list":{"0":"post-6542","1":"product","2":"type-product","3":"status-publish","4":"has-post-thumbnail","6":"product_cat-erkekcocuk","7":"product_cat-genel","8":"product_cat-mayo-erkekcocuk","10":"first","11":"outofstock","12":"taxable","13":"shipping-taxable","14":"purchasable","15":"product-type-variable"},"_links":{"self":[{"href":"https:\/\/petityu.com\/en\/wp-json\/wp\/v2\/product\/6542","targetHints":{"allow":["GET"]}}],"collection":[{"href":"https:\/\/petityu.com\/en\/wp-json\/wp\/v2\/product"}],"about":[{"href":"https:\/\/petityu.com\/en\/wp-json\/wp\/v2\/types\/product"}],"wp:featuredmedia":[{"embeddable":true,"href":"https:\/\/petityu.com\/en\/wp-json\/wp\/v2\/media\/6541"}],"wp:attachment":[{"href":"https:\/\/petityu.com\/en\/wp-json\/wp\/v2\/media?parent=6542"}],"wp:term":[{"taxonomy":"product_brand","embeddable":true,"href":"https:\/\/petityu.com\/en\/wp-json\/wp\/v2\/product_brand?post=6542"},{"taxonomy":"product_cat","embeddable":true,"href":"https:\/\/petityu.com\/en\/wp-json\/wp\/v2\/product_cat?post=6542"},{"taxonomy":"product_tag","embeddable":true,"href":"https:\/\/petityu.com\/en\/wp-json\/wp\/v2\/product_tag?post=6542"}],"curies":[{"name":"wp","href":"https:\/\/api.w.org\/{rel}","templated":true}]}}