{"id":6547,"date":"2024-09-19T15:48:13","date_gmt":"2024-09-19T12:48:13","guid":{"rendered":"https:\/\/petityu.com\/upf50-gunes-korumali-scubadiver-dalgic-desenli-sirin-mavi-erkek-cocuk-mayo-sapka-set\/"},"modified":"2026-04-16T14:16:22","modified_gmt":"2026-04-16T11:16:22","slug":"upf50-gunes-korumali-scubadiver-dalgic-desenli-sirin-mavi-erkek-cocuk-mayo-sapka-set","status":"publish","type":"product","link":"https:\/\/petityu.com\/en\/upf50-gunes-korumali-scubadiver-dalgic-desenli-sirin-mavi-erkek-cocuk-mayo-sapka-set\/","title":{"rendered":"Petityu UPF50+ G\u00fcne\u015f Korumal\u0131 Scubadiver Dalg\u0131\u00e7 Desenli \u015eirin Mavi Erkek \u00c7ocuk Mayo \u015eapka Set"},"content":{"rendered":"<p>UPF50+ g&uuml;ne\u015f korumal\u0131 dalg\u0131&ccedil; desenli erkek &ccedil;ocuk mayo \u015fapka set 2 ya\u015f 90 cm 3 ya\u015f 100 cm 4 ya\u015f 110 cm 5 -6 ya\u015f 120 cm 6-8 ya\u015f 120-140 cm<\/p>","protected":false},"excerpt":{"rendered":"<p>UPF50+ g&uuml;ne\u015f korumal\u0131 dalg\u0131&ccedil; desenli erkek &ccedil;ocuk mayo \u015fapka set 2 ya\u015f 90 cm 3 ya\u015f 100 cm 4 ya\u015f 110 cm 5 -6 ya\u015f&hellip;<\/p>","protected":false},"featured_media":6545,"template":"","meta":[],"product_brand":[],"product_cat":[15,936,987],"product_tag":[],"class_list":{"0":"post-6547","1":"product","2":"type-product","3":"status-publish","4":"has-post-thumbnail","6":"product_cat-genel","7":"product_cat-erkekcocuk","8":"product_cat-mayo-erkekcocuk","10":"first","11":"instock","12":"taxable","13":"shipping-taxable","14":"purchasable","15":"product-type-variable"},"_links":{"self":[{"href":"https:\/\/petityu.com\/en\/wp-json\/wp\/v2\/product\/6547","targetHints":{"allow":["GET"]}}],"collection":[{"href":"https:\/\/petityu.com\/en\/wp-json\/wp\/v2\/product"}],"about":[{"href":"https:\/\/petityu.com\/en\/wp-json\/wp\/v2\/types\/product"}],"wp:featuredmedia":[{"embeddable":true,"href":"https:\/\/petityu.com\/en\/wp-json\/wp\/v2\/media\/6545"}],"wp:attachment":[{"href":"https:\/\/petityu.com\/en\/wp-json\/wp\/v2\/media?parent=6547"}],"wp:term":[{"taxonomy":"product_brand","embeddable":true,"href":"https:\/\/petityu.com\/en\/wp-json\/wp\/v2\/product_brand?post=6547"},{"taxonomy":"product_cat","embeddable":true,"href":"https:\/\/petityu.com\/en\/wp-json\/wp\/v2\/product_cat?post=6547"},{"taxonomy":"product_tag","embeddable":true,"href":"https:\/\/petityu.com\/en\/wp-json\/wp\/v2\/product_tag?post=6547"}],"curies":[{"name":"wp","href":"https:\/\/api.w.org\/{rel}","templated":true}]}}