{"id":6554,"date":"2024-09-19T15:48:36","date_gmt":"2024-09-19T12:48:36","guid":{"rendered":"https:\/\/petityu.com\/upf50-gunes-korumali-lacivert-little-prince-erkek-cocuk-deniz-mayo-sort-tulum-sapkali-set\/"},"modified":"2025-08-26T12:17:53","modified_gmt":"2025-08-26T09:17:53","slug":"upf50-gunes-korumali-lacivert-little-prince-erkek-cocuk-deniz-mayo-sort-tulum-sapkali-set","status":"publish","type":"product","link":"https:\/\/petityu.com\/en\/upf50-gunes-korumali-lacivert-little-prince-erkek-cocuk-deniz-mayo-sort-tulum-sapkali-set\/","title":{"rendered":"UPF50+ G\u00fcne\u015f Korumal\u0131 Lacivert Little Prince erkek \u00e7ocuk deniz mayo \u015fort tulum \u015fapkal\u0131 set"},"content":{"rendered":"<p>UV G\u00fcne\u015f korumal\u0131 erkek \u00e7ocuk deniz mayo UPF50+ deniz mayo erkek \u00e7ocuk tulum mayo \u015fapkal\u0131 mayo set erkek \u00e7ocuk k\u00fc\u00e7\u00fck prens erkek \u00e7ocuk mayo<\/p>","protected":false},"excerpt":{"rendered":"<p>UV G\u00fcne\u015f korumal\u0131 erkek \u00e7ocuk deniz mayo UPF50+ deniz mayo erkek \u00e7ocuk tulum mayo \u015fapkal\u0131 mayo set erkek \u00e7ocuk k\u00fc\u00e7\u00fck prens erkek \u00e7ocuk mayo<\/p>","protected":false},"featured_media":6553,"template":"","meta":[],"product_brand":[],"product_cat":[936,15,987],"product_tag":[],"class_list":{"0":"post-6554","1":"product","2":"type-product","3":"status-publish","4":"has-post-thumbnail","6":"product_cat-erkekcocuk","7":"product_cat-genel","8":"product_cat-mayo-erkekcocuk","10":"first","11":"outofstock","12":"taxable","13":"shipping-taxable","14":"purchasable","15":"product-type-variable"},"_links":{"self":[{"href":"https:\/\/petityu.com\/en\/wp-json\/wp\/v2\/product\/6554","targetHints":{"allow":["GET"]}}],"collection":[{"href":"https:\/\/petityu.com\/en\/wp-json\/wp\/v2\/product"}],"about":[{"href":"https:\/\/petityu.com\/en\/wp-json\/wp\/v2\/types\/product"}],"wp:featuredmedia":[{"embeddable":true,"href":"https:\/\/petityu.com\/en\/wp-json\/wp\/v2\/media\/6553"}],"wp:attachment":[{"href":"https:\/\/petityu.com\/en\/wp-json\/wp\/v2\/media?parent=6554"}],"wp:term":[{"taxonomy":"product_brand","embeddable":true,"href":"https:\/\/petityu.com\/en\/wp-json\/wp\/v2\/product_brand?post=6554"},{"taxonomy":"product_cat","embeddable":true,"href":"https:\/\/petityu.com\/en\/wp-json\/wp\/v2\/product_cat?post=6554"},{"taxonomy":"product_tag","embeddable":true,"href":"https:\/\/petityu.com\/en\/wp-json\/wp\/v2\/product_tag?post=6554"}],"curies":[{"name":"wp","href":"https:\/\/api.w.org\/{rel}","templated":true}]}}