{"id":6560,"date":"2024-09-19T15:48:56","date_gmt":"2024-09-19T12:48:56","guid":{"rendered":"https:\/\/petityu.com\/pufudik-ici-kurklu-sugecirmez-mavi-lacivert-beyaz-balina-desen-kislik-erkek-cocuk-eldiven\/"},"modified":"2025-10-23T13:09:29","modified_gmt":"2025-10-23T10:09:29","slug":"pufudik-ici-kurklu-sugecirmez-mavi-lacivert-beyaz-balina-desen-kislik-erkek-cocuk-eldiven","status":"publish","type":"product","link":"https:\/\/petityu.com\/en\/pufudik-ici-kurklu-sugecirmez-mavi-lacivert-beyaz-balina-desen-kislik-erkek-cocuk-eldiven\/","title":{"rendered":"Petityu Pufudik \u0130\u00e7i K\u00fcrkl\u00fc Su Ge\u00e7irmez Mavi Lacivert Beyaz Balina Desenli K\u0131\u015fl\u0131k Erkek \u00c7ocuk Eldiven"},"content":{"rendered":"<p><p>Petityu pufudik i\u00e7i k\u00fcrkl\u00fc suge\u00e7irmez erkek cocuk eldiven mavi lacivert beyaz balina desen k\u0131\u015fl\u0131k erkek \u00e7ocuk eldiven<\/p><\/p>","protected":false},"excerpt":{"rendered":"<p>Petityu pufudik i\u00e7i k\u00fcrkl\u00fc suge\u00e7irmez erkek cocuk eldiven mavi lacivert beyaz balina desen k\u0131\u015fl\u0131k erkek \u00e7ocuk eldiven<\/p>","protected":false},"featured_media":6559,"template":"","meta":[],"product_brand":[],"product_cat":[997,936,15],"product_tag":[],"class_list":{"0":"post-6560","1":"product","2":"type-product","3":"status-publish","4":"has-post-thumbnail","6":"product_cat-atki-bere-eldiven","7":"product_cat-erkekcocuk","8":"product_cat-genel","10":"first","11":"instock","12":"taxable","13":"shipping-taxable","14":"purchasable","15":"product-type-variable"},"_links":{"self":[{"href":"https:\/\/petityu.com\/en\/wp-json\/wp\/v2\/product\/6560","targetHints":{"allow":["GET"]}}],"collection":[{"href":"https:\/\/petityu.com\/en\/wp-json\/wp\/v2\/product"}],"about":[{"href":"https:\/\/petityu.com\/en\/wp-json\/wp\/v2\/types\/product"}],"wp:featuredmedia":[{"embeddable":true,"href":"https:\/\/petityu.com\/en\/wp-json\/wp\/v2\/media\/6559"}],"wp:attachment":[{"href":"https:\/\/petityu.com\/en\/wp-json\/wp\/v2\/media?parent=6560"}],"wp:term":[{"taxonomy":"product_brand","embeddable":true,"href":"https:\/\/petityu.com\/en\/wp-json\/wp\/v2\/product_brand?post=6560"},{"taxonomy":"product_cat","embeddable":true,"href":"https:\/\/petityu.com\/en\/wp-json\/wp\/v2\/product_cat?post=6560"},{"taxonomy":"product_tag","embeddable":true,"href":"https:\/\/petityu.com\/en\/wp-json\/wp\/v2\/product_tag?post=6560"}],"curies":[{"name":"wp","href":"https:\/\/api.w.org\/{rel}","templated":true}]}}