{"id":6565,"date":"2024-09-19T15:49:17","date_gmt":"2024-09-19T12:49:17","guid":{"rendered":"https:\/\/petityu.com\/parlak-puffy-teddy-kulakli-pufudik-sisme-yelek-mor-kiz-cocuk-yelek\/"},"modified":"2026-03-19T18:22:03","modified_gmt":"2026-03-19T15:22:03","slug":"parlak-puffy-teddy-kulakli-pufudik-sisme-yelek-mor-kiz-cocuk-yelek","status":"publish","type":"product","link":"https:\/\/petityu.com\/en\/parlak-puffy-teddy-kulakli-pufudik-sisme-yelek-mor-kiz-cocuk-yelek\/","title":{"rendered":"Petityu Parlak Puffy Teddy Kulakl\u0131 Pufudik \u015ei\u015fme Yelek Mor K\u0131z \u00c7ocuk Yelek"},"content":{"rendered":"<p><p>Yelek a\u015f\u0131r\u0131 \u015firin Yanard\u00f6ner kuma\u015fl\u0131 ay\u0131c\u0131k kulakl\u0131 \u015firin yelek Pufudik yelek Petityu parlak puffy teddy kulakl\u0131 pufudik \u015fi\u015fme yelek pufudik mor k\u0131z \u00e7ocuk yelek<\/p><\/p>","protected":false},"excerpt":{"rendered":"<p>Yelek a\u015f\u0131r\u0131 \u015firin Yanard\u00f6ner kuma\u015fl\u0131 ay\u0131c\u0131k kulakl\u0131 \u015firin yelek Pufudik yelek Petityu parlak puffy teddy kulakl\u0131 pufudik \u015fi\u015fme yelek pufudik mor k\u0131z \u00e7ocuk yelek<\/p>","protected":false},"featured_media":6563,"template":"","meta":[],"product_brand":[],"product_cat":[15,935,983],"product_tag":[],"class_list":{"0":"post-6565","1":"product","2":"type-product","3":"status-publish","4":"has-post-thumbnail","6":"product_cat-genel","7":"product_cat-kizcocuk","8":"product_cat-mont-puffy-yelek","10":"first","11":"instock","12":"taxable","13":"shipping-taxable","14":"purchasable","15":"product-type-variable"},"_links":{"self":[{"href":"https:\/\/petityu.com\/en\/wp-json\/wp\/v2\/product\/6565","targetHints":{"allow":["GET"]}}],"collection":[{"href":"https:\/\/petityu.com\/en\/wp-json\/wp\/v2\/product"}],"about":[{"href":"https:\/\/petityu.com\/en\/wp-json\/wp\/v2\/types\/product"}],"wp:featuredmedia":[{"embeddable":true,"href":"https:\/\/petityu.com\/en\/wp-json\/wp\/v2\/media\/6563"}],"wp:attachment":[{"href":"https:\/\/petityu.com\/en\/wp-json\/wp\/v2\/media?parent=6565"}],"wp:term":[{"taxonomy":"product_brand","embeddable":true,"href":"https:\/\/petityu.com\/en\/wp-json\/wp\/v2\/product_brand?post=6565"},{"taxonomy":"product_cat","embeddable":true,"href":"https:\/\/petityu.com\/en\/wp-json\/wp\/v2\/product_cat?post=6565"},{"taxonomy":"product_tag","embeddable":true,"href":"https:\/\/petityu.com\/en\/wp-json\/wp\/v2\/product_tag?post=6565"}],"curies":[{"name":"wp","href":"https:\/\/api.w.org\/{rel}","templated":true}]}}