{"id":6579,"date":"2024-09-19T15:50:07","date_gmt":"2024-09-19T12:50:07","guid":{"rendered":"https:\/\/petityu.com\/upf50-gunes-korumali-uzun-kollu-unicorn-pembe-mavi-mont-gokkusagi-unicorn-mayo-sapka-set\/"},"modified":"2026-04-16T21:56:23","modified_gmt":"2026-04-16T18:56:23","slug":"upf50-gunes-korumali-uzun-kollu-unicorn-pembe-mavi-mont-gokkusagi-unicorn-mayo-sapka-set","status":"publish","type":"product","link":"https:\/\/petityu.com\/en\/upf50-gunes-korumali-uzun-kollu-unicorn-pembe-mavi-mont-gokkusagi-unicorn-mayo-sapka-set\/","title":{"rendered":"UPF50+ G\u00fcne\u015f Korumal\u0131 Uzun Kollu Unicorn Pembe Mavi G\u00f6kku\u015fa\u011f\u0131 Unicorn Mayo \u015eapka Set"},"content":{"rendered":"<p>1-2 ya\u015f 90 cm 2-3 ya\u015f 100 cm 3-4 ya\u015f 110 cm 4-5 ya\u015f 120 cm 6-8 ya\u015f 130 cm<\/p>","protected":false},"excerpt":{"rendered":"<p>1-2 ya\u015f 90 cm 2-3 ya\u015f 100 cm 3-4 ya\u015f 110 cm 4-5 ya\u015f 120 cm 6-8 ya\u015f 130 cm<\/p>","protected":false},"featured_media":6578,"template":"","meta":[],"product_brand":[],"product_cat":[15,935,974],"product_tag":[],"class_list":{"0":"post-6579","1":"product","2":"type-product","3":"status-publish","4":"has-post-thumbnail","6":"product_cat-genel","7":"product_cat-kizcocuk","8":"product_cat-mayo","10":"first","11":"instock","12":"taxable","13":"shipping-taxable","14":"purchasable","15":"product-type-variable"},"_links":{"self":[{"href":"https:\/\/petityu.com\/en\/wp-json\/wp\/v2\/product\/6579","targetHints":{"allow":["GET"]}}],"collection":[{"href":"https:\/\/petityu.com\/en\/wp-json\/wp\/v2\/product"}],"about":[{"href":"https:\/\/petityu.com\/en\/wp-json\/wp\/v2\/types\/product"}],"wp:featuredmedia":[{"embeddable":true,"href":"https:\/\/petityu.com\/en\/wp-json\/wp\/v2\/media\/6578"}],"wp:attachment":[{"href":"https:\/\/petityu.com\/en\/wp-json\/wp\/v2\/media?parent=6579"}],"wp:term":[{"taxonomy":"product_brand","embeddable":true,"href":"https:\/\/petityu.com\/en\/wp-json\/wp\/v2\/product_brand?post=6579"},{"taxonomy":"product_cat","embeddable":true,"href":"https:\/\/petityu.com\/en\/wp-json\/wp\/v2\/product_cat?post=6579"},{"taxonomy":"product_tag","embeddable":true,"href":"https:\/\/petityu.com\/en\/wp-json\/wp\/v2\/product_tag?post=6579"}],"curies":[{"name":"wp","href":"https:\/\/api.w.org\/{rel}","templated":true}]}}