{"id":6586,"date":"2024-09-19T15:50:27","date_gmt":"2024-09-19T12:50:27","guid":{"rendered":"https:\/\/petityu.com\/upf50-gunes-korumali-kiz-cocuk-mayo-pembe-mint-beyaz-sapkali-mayo-set\/"},"modified":"2026-04-29T15:18:14","modified_gmt":"2026-04-29T12:18:14","slug":"upf50-gunes-korumali-kiz-cocuk-mayo-pembe-mint-beyaz-sapkali-mayo-set","status":"publish","type":"product","link":"https:\/\/petityu.com\/en\/upf50-gunes-korumali-kiz-cocuk-mayo-pembe-mint-beyaz-sapkali-mayo-set\/","title":{"rendered":"UPF50+ G\u00fcne\u015f Korumal\u0131 K\u0131z \u00c7ocuk Mayo Pembe Mint Beyaz \u015eapkal\u0131 Mayo Set"},"content":{"rendered":"<p>90 cm 2 ya\u015f 100 cm 3 ya\u015f 110 cm 4 ya\u015f pembe beyaz mont &ccedil;izgili mayo \u015fapka seti UPF50+ G&Uuml;NE\u015e KORUMALI MAYO \u015eAPKA SET k\u0131z &ccedil;ocuk g&uuml;ne\u015f korumal\u0131 mayo \u015fapka set yumu\u015fac\u0131k kuma\u015f h\u0131zl\u0131 kuruyan<\/p>","protected":false},"excerpt":{"rendered":"<p>90 cm 2 ya\u015f 100 cm 3 ya\u015f 110 cm 4 ya\u015f pembe beyaz mont &ccedil;izgili mayo \u015fapka seti UPF50+ G&Uuml;NE\u015e KORUMALI MAYO \u015eAPKA SET&hellip;<\/p>","protected":false},"featured_media":6585,"template":"","meta":[],"product_brand":[],"product_cat":[15,935,974],"product_tag":[],"class_list":{"0":"post-6586","1":"product","2":"type-product","3":"status-publish","4":"has-post-thumbnail","6":"product_cat-genel","7":"product_cat-kizcocuk","8":"product_cat-mayo","10":"first","11":"instock","12":"taxable","13":"shipping-taxable","14":"purchasable","15":"product-type-variable"},"_links":{"self":[{"href":"https:\/\/petityu.com\/en\/wp-json\/wp\/v2\/product\/6586","targetHints":{"allow":["GET"]}}],"collection":[{"href":"https:\/\/petityu.com\/en\/wp-json\/wp\/v2\/product"}],"about":[{"href":"https:\/\/petityu.com\/en\/wp-json\/wp\/v2\/types\/product"}],"wp:featuredmedia":[{"embeddable":true,"href":"https:\/\/petityu.com\/en\/wp-json\/wp\/v2\/media\/6585"}],"wp:attachment":[{"href":"https:\/\/petityu.com\/en\/wp-json\/wp\/v2\/media?parent=6586"}],"wp:term":[{"taxonomy":"product_brand","embeddable":true,"href":"https:\/\/petityu.com\/en\/wp-json\/wp\/v2\/product_brand?post=6586"},{"taxonomy":"product_cat","embeddable":true,"href":"https:\/\/petityu.com\/en\/wp-json\/wp\/v2\/product_cat?post=6586"},{"taxonomy":"product_tag","embeddable":true,"href":"https:\/\/petityu.com\/en\/wp-json\/wp\/v2\/product_tag?post=6586"}],"curies":[{"name":"wp","href":"https:\/\/api.w.org\/{rel}","templated":true}]}}