{"id":6591,"date":"2024-09-19T15:50:43","date_gmt":"2024-09-19T12:50:43","guid":{"rendered":"https:\/\/petityu.com\/mavi-peri-fairy-aplikeli-tutulu-kiz-cocuk-sweatshirt\/"},"modified":"2025-08-21T13:54:20","modified_gmt":"2025-08-21T10:54:20","slug":"mavi-peri-fairy-aplikeli-tutulu-kiz-cocuk-sweatshirt","status":"publish","type":"product","link":"https:\/\/petityu.com\/en\/mavi-peri-fairy-aplikeli-tutulu-kiz-cocuk-sweatshirt\/","title":{"rendered":"mavi peri fairy aplikeli tutulu k\u0131z \u00e7ocuk sweatshirt"},"content":{"rendered":"<p>\u00c7ocuklar\u0131n tarz\u0131n\u0131 yans\u0131tan mavi renkli, peri fairy aplikeli tutulu k\u0131z \u00e7ocuk sweatshirt, her ya\u015ftan \u00e7ocu\u011fun rahatl\u0131kla kullanabilece\u011fi standart boyda tasarlanm\u0131\u015ft\u0131r.; Aplike detaylar\u0131yla s\u00fcslenmi\u015f bu sweatshirt, \u00e7ocuklar\u0131n ilgisini \u00e7ekecek canl\u0131 ve sevimli bir g\u00f6r\u00fcn\u00fcm sunar.; Regular silueti sayesinde hareket \u00f6zg\u00fcrl\u00fc\u011f\u00fcn\u00fc k\u0131s\u0131tlamadan konforlu bir kullan\u0131m sa\u011flar.; Aplikeli bask\u0131\/nak\u0131\u015f tekni\u011fi ile \u00fcretilmi\u015f olup, uzun s\u00fcreli kullan\u0131mda bile renklerinin canl\u0131l\u0131\u011f\u0131n\u0131 korumas\u0131na yard\u0131mc\u0131 olur.; T\u00fcm ya\u015f gruplar\u0131 i\u00e7in uygun olan bu sweatshirt, her \u00e7ocu\u011fun gard\u0131robunda yerini alabilecek \u00e7ok y\u00f6nl\u00fcl\u00fckte bir par\u00e7ad\u0131r.; Comfort kal\u0131b\u0131 ile g\u00fcn boyu rahatl\u0131k sunarken, standart boyu sayesinde farkl\u0131 v\u00fccut tiplerine uyum sa\u011flar.;<\/p>","protected":false},"excerpt":{"rendered":"<p>\u00c7ocuklar\u0131n tarz\u0131n\u0131 yans\u0131tan mavi renkli, peri fairy aplikeli tutulu k\u0131z \u00e7ocuk sweatshirt, her ya\u015ftan \u00e7ocu\u011fun rahatl\u0131kla kullanabilece\u011fi standart boyda tasarlanm\u0131\u015ft\u0131r.; Aplike detaylar\u0131yla s\u00fcslenmi\u015f bu sweatshirt,&hellip;<\/p>","protected":false},"featured_media":6590,"template":"","meta":[],"product_brand":[],"product_cat":[15,972,935,976],"product_tag":[],"class_list":{"0":"post-6591","1":"product","2":"type-product","3":"status-publish","4":"has-post-thumbnail","6":"product_cat-genel","7":"product_cat-elbise","8":"product_cat-kizcocuk","9":"product_cat-sweatshirt","11":"first","12":"outofstock","13":"taxable","14":"shipping-taxable","15":"purchasable","16":"product-type-variable"},"_links":{"self":[{"href":"https:\/\/petityu.com\/en\/wp-json\/wp\/v2\/product\/6591","targetHints":{"allow":["GET"]}}],"collection":[{"href":"https:\/\/petityu.com\/en\/wp-json\/wp\/v2\/product"}],"about":[{"href":"https:\/\/petityu.com\/en\/wp-json\/wp\/v2\/types\/product"}],"wp:featuredmedia":[{"embeddable":true,"href":"https:\/\/petityu.com\/en\/wp-json\/wp\/v2\/media\/6590"}],"wp:attachment":[{"href":"https:\/\/petityu.com\/en\/wp-json\/wp\/v2\/media?parent=6591"}],"wp:term":[{"taxonomy":"product_brand","embeddable":true,"href":"https:\/\/petityu.com\/en\/wp-json\/wp\/v2\/product_brand?post=6591"},{"taxonomy":"product_cat","embeddable":true,"href":"https:\/\/petityu.com\/en\/wp-json\/wp\/v2\/product_cat?post=6591"},{"taxonomy":"product_tag","embeddable":true,"href":"https:\/\/petityu.com\/en\/wp-json\/wp\/v2\/product_tag?post=6591"}],"curies":[{"name":"wp","href":"https:\/\/api.w.org\/{rel}","templated":true}]}}