{"id":6598,"date":"2024-09-19T15:51:15","date_gmt":"2024-09-19T12:51:15","guid":{"rendered":"https:\/\/petityu.com\/pembe-cilek-desenli-kolay-giydirilebilir-sirin-sapkali-mayo-seti\/"},"modified":"2026-03-12T20:43:13","modified_gmt":"2026-03-12T17:43:13","slug":"pembe-cilek-desenli-kolay-giydirilebilir-sirin-sapkali-mayo-seti","status":"publish","type":"product","link":"https:\/\/petityu.com\/en\/pembe-cilek-desenli-kolay-giydirilebilir-sirin-sapkali-mayo-seti\/","title":{"rendered":"Pembe \u00c7ilek Desenli Kolay Giydirilebilir \u015eirin \u015eapkal\u0131 Mayo Seti"},"content":{"rendered":"<p><p>\u00d6rme kuma\u015f yap\u0131s\u0131 sayesinde esnek ve rahat bir kullan\u0131m sunar, \u00e7ocuklar\u0131n hareket \u00f6zg\u00fcrl\u00fc\u011f\u00fcn\u00fc k\u0131s\u0131tlamaz.; Her ya\u015f grubuna uygun tasar\u0131m\u0131yla, aile bireyleri aras\u0131nda keyifli plaj g\u00fcnleri ge\u00e7irmenizi sa\u011flar.; Kolay giydirilebilir fermuar detay\u0131 sayesinde pratik giyim imkan\u0131 sunar ve ebeveynler i\u00e7in zamandan tasarruf eder.; Uzun kol boyu tasar\u0131m\u0131 ile g\u00fcne\u015fin zararl\u0131 etkilerinden korurken ayn\u0131 zamanda \u015f\u0131k bir g\u00f6r\u00fcn\u00fcm kazand\u0131r\u0131r.; Plaj tekstil koleksiyonunun par\u00e7as\u0131 olarak tasarlanm\u0131\u015f bu set, plaj modas\u0131na uygun \u015firin desenleriyle dikkat \u00e7eker.; Pembe \u00e7ilek deseniyle ne\u015feli ve canl\u0131 bir stil olu\u015fturan bu mayo seti, yaz aylar\u0131n\u0131n vazge\u00e7ilmezi olacak.; Her ya\u015ftan \u00e7ocu\u011fun rahatl\u0131kla kullanabilece\u011fi d\u00fcz \u00fcr\u00fcn tipi ile zamans\u0131z bir tarz sunar.;<\/p><\/p>","protected":false},"excerpt":{"rendered":"<p>\u00d6rme kuma\u015f yap\u0131s\u0131 sayesinde esnek ve rahat bir kullan\u0131m sunar, \u00e7ocuklar\u0131n hareket \u00f6zg\u00fcrl\u00fc\u011f\u00fcn\u00fc k\u0131s\u0131tlamaz.; Her ya\u015f grubuna uygun tasar\u0131m\u0131yla, aile bireyleri aras\u0131nda keyifli plaj g\u00fcnleri&hellip;<\/p>","protected":false},"featured_media":6594,"template":"","meta":[],"product_brand":[],"product_cat":[15,935,974],"product_tag":[],"class_list":{"0":"post-6598","1":"product","2":"type-product","3":"status-publish","4":"has-post-thumbnail","6":"product_cat-genel","7":"product_cat-kizcocuk","8":"product_cat-mayo","10":"first","11":"instock","12":"taxable","13":"shipping-taxable","14":"purchasable","15":"product-type-variable"},"_links":{"self":[{"href":"https:\/\/petityu.com\/en\/wp-json\/wp\/v2\/product\/6598","targetHints":{"allow":["GET"]}}],"collection":[{"href":"https:\/\/petityu.com\/en\/wp-json\/wp\/v2\/product"}],"about":[{"href":"https:\/\/petityu.com\/en\/wp-json\/wp\/v2\/types\/product"}],"wp:featuredmedia":[{"embeddable":true,"href":"https:\/\/petityu.com\/en\/wp-json\/wp\/v2\/media\/6594"}],"wp:attachment":[{"href":"https:\/\/petityu.com\/en\/wp-json\/wp\/v2\/media?parent=6598"}],"wp:term":[{"taxonomy":"product_brand","embeddable":true,"href":"https:\/\/petityu.com\/en\/wp-json\/wp\/v2\/product_brand?post=6598"},{"taxonomy":"product_cat","embeddable":true,"href":"https:\/\/petityu.com\/en\/wp-json\/wp\/v2\/product_cat?post=6598"},{"taxonomy":"product_tag","embeddable":true,"href":"https:\/\/petityu.com\/en\/wp-json\/wp\/v2\/product_tag?post=6598"}],"curies":[{"name":"wp","href":"https:\/\/api.w.org\/{rel}","templated":true}]}}