{"id":6607,"date":"2024-09-19T15:51:48","date_gmt":"2024-09-19T12:51:48","guid":{"rendered":"https:\/\/petityu.com\/pufudik-ici-kurklu-su-gecirmez-lacivert-ustu-renkli-dinazor-kislik-eldiven\/"},"modified":"2026-01-28T14:07:20","modified_gmt":"2026-01-28T11:07:20","slug":"pufudik-ici-kurklu-su-gecirmez-lacivert-ustu-renkli-dinazor-kislik-eldiven","status":"publish","type":"product","link":"https:\/\/petityu.com\/en\/pufudik-ici-kurklu-su-gecirmez-lacivert-ustu-renkli-dinazor-kislik-eldiven\/","title":{"rendered":"Pufudik \u0130\u00e7i K\u00fcrkl\u00fc Su Ge\u00e7irmez Lacivert \u00dcst\u00fc Renkli Dinazor K\u0131\u015fl\u0131k eldiven"},"content":{"rendered":"<p>Su ge&ccedil;irmez Pufudik Kayakta kullanima uygundur Sicacik tutan Bilekten ayarlanabilen M 1-3 ya\u015f L 3-8 ya\u015f<\/p>","protected":false},"excerpt":{"rendered":"<p>Su ge&ccedil;irmez Pufudik Kayakta kullanima uygundur Sicacik tutan Bilekten ayarlanabilen M 1-3 ya\u015f L 3-8 ya\u015f<\/p>","protected":false},"featured_media":6606,"template":"","meta":[],"product_brand":[],"product_cat":[15,997,936],"product_tag":[],"class_list":{"0":"post-6607","1":"product","2":"type-product","3":"status-publish","4":"has-post-thumbnail","6":"product_cat-genel","7":"product_cat-atki-bere-eldiven","8":"product_cat-erkekcocuk","10":"first","11":"instock","12":"taxable","13":"shipping-taxable","14":"purchasable","15":"product-type-variable"},"_links":{"self":[{"href":"https:\/\/petityu.com\/en\/wp-json\/wp\/v2\/product\/6607","targetHints":{"allow":["GET"]}}],"collection":[{"href":"https:\/\/petityu.com\/en\/wp-json\/wp\/v2\/product"}],"about":[{"href":"https:\/\/petityu.com\/en\/wp-json\/wp\/v2\/types\/product"}],"wp:featuredmedia":[{"embeddable":true,"href":"https:\/\/petityu.com\/en\/wp-json\/wp\/v2\/media\/6606"}],"wp:attachment":[{"href":"https:\/\/petityu.com\/en\/wp-json\/wp\/v2\/media?parent=6607"}],"wp:term":[{"taxonomy":"product_brand","embeddable":true,"href":"https:\/\/petityu.com\/en\/wp-json\/wp\/v2\/product_brand?post=6607"},{"taxonomy":"product_cat","embeddable":true,"href":"https:\/\/petityu.com\/en\/wp-json\/wp\/v2\/product_cat?post=6607"},{"taxonomy":"product_tag","embeddable":true,"href":"https:\/\/petityu.com\/en\/wp-json\/wp\/v2\/product_tag?post=6607"}],"curies":[{"name":"wp","href":"https:\/\/api.w.org\/{rel}","templated":true}]}}