{"id":6615,"date":"2024-09-19T15:52:18","date_gmt":"2024-09-19T12:52:18","guid":{"rendered":"https:\/\/petityu.com\/kopek-desenli-cocuk-yagmur-pantolonu-cocuk-yagmur-tulumu\/"},"modified":"2026-03-04T09:45:10","modified_gmt":"2026-03-04T06:45:10","slug":"kopek-desenli-cocuk-yagmur-pantolonu-cocuk-yagmur-tulumu","status":"publish","type":"product","link":"https:\/\/petityu.com\/en\/kopek-desenli-cocuk-yagmur-pantolonu-cocuk-yagmur-tulumu\/","title":{"rendered":"Petityu K\u00f6pek Desenli \u00c7ocuk Ya\u011fmur Pantolonu \u00c7ocuk Ya\u011fmur Tulumu"},"content":{"rendered":"<p><p>Bebek ve \u00e7ocuklar\u0131n ya\u011fmurluk ihtiya\u00e7lar\u0131 i\u00e7in ideal olan bu ya\u011fmurluk tulum, astarl\u0131 yap\u0131s\u0131yla kuru ve s\u0131cak kalma imkan\u0131 sunar.; Sevimli k\u00f6pek deseniyle dikkat \u00e7eken bu ya\u011fmur pantolonu, \u00e7ocuklar\u0131n ilgisini \u00e7ekerken onlar\u0131 ya\u011fmurda bile mutlu eder.; Standart boy se\u00e7ene\u011fiyle her \u00e7ocu\u011fun rahat\u00e7a giyebilece\u011fi \u015fekilde tasarlanm\u0131\u015ft\u0131r; b\u00f6ylece ebeveynler i\u00e7in de kolayl\u0131k sa\u011flar.; Bebeklerden \u00e7ocuklara kadar geni\u015f bir ya\u015f grubuna hitap eden bu ya\u011fmurluk tulum, her mevsim ya\u011fmurda \u00e7ocuklar\u0131n yan\u0131nda olacak.;<\/p><\/p>","protected":false},"excerpt":{"rendered":"<p>Bebek ve \u00e7ocuklar\u0131n ya\u011fmurluk ihtiya\u00e7lar\u0131 i\u00e7in ideal olan bu ya\u011fmurluk tulum, astarl\u0131 yap\u0131s\u0131yla kuru ve s\u0131cak kalma imkan\u0131 sunar.; Sevimli k\u00f6pek deseniyle dikkat \u00e7eken bu&hellip;<\/p>","protected":false},"featured_media":6614,"template":"","meta":[],"product_brand":[],"product_cat":[15,936,935,973,1000],"product_tag":[],"class_list":{"0":"post-6615","1":"product","2":"type-product","3":"status-publish","4":"has-post-thumbnail","6":"product_cat-genel","7":"product_cat-erkekcocuk","8":"product_cat-kizcocuk","9":"product_cat-yagmurluk-tulum-yagmur-pantalonu","10":"product_cat-yagmurluk-yagmur-pantalonu-tulum","12":"first","13":"instock","14":"taxable","15":"shipping-taxable","16":"purchasable","17":"product-type-variable"},"_links":{"self":[{"href":"https:\/\/petityu.com\/en\/wp-json\/wp\/v2\/product\/6615","targetHints":{"allow":["GET"]}}],"collection":[{"href":"https:\/\/petityu.com\/en\/wp-json\/wp\/v2\/product"}],"about":[{"href":"https:\/\/petityu.com\/en\/wp-json\/wp\/v2\/types\/product"}],"wp:featuredmedia":[{"embeddable":true,"href":"https:\/\/petityu.com\/en\/wp-json\/wp\/v2\/media\/6614"}],"wp:attachment":[{"href":"https:\/\/petityu.com\/en\/wp-json\/wp\/v2\/media?parent=6615"}],"wp:term":[{"taxonomy":"product_brand","embeddable":true,"href":"https:\/\/petityu.com\/en\/wp-json\/wp\/v2\/product_brand?post=6615"},{"taxonomy":"product_cat","embeddable":true,"href":"https:\/\/petityu.com\/en\/wp-json\/wp\/v2\/product_cat?post=6615"},{"taxonomy":"product_tag","embeddable":true,"href":"https:\/\/petityu.com\/en\/wp-json\/wp\/v2\/product_tag?post=6615"}],"curies":[{"name":"wp","href":"https:\/\/api.w.org\/{rel}","templated":true}]}}