{"id":6621,"date":"2024-09-19T15:52:36","date_gmt":"2024-09-19T12:52:36","guid":{"rendered":"https:\/\/petityu.com\/upf50-kiz-cocuk-mayo-beyaz-pembe-yesil-yaprak-desen-kolay-giyilen-cool-mayo-sapka-set\/"},"modified":"2026-04-15T14:40:14","modified_gmt":"2026-04-15T11:40:14","slug":"upf50-kiz-cocuk-mayo-beyaz-pembe-yesil-yaprak-desen-kolay-giyilen-cool-mayo-sapka-set","status":"publish","type":"product","link":"https:\/\/petityu.com\/en\/upf50-kiz-cocuk-mayo-beyaz-pembe-yesil-yaprak-desen-kolay-giyilen-cool-mayo-sapka-set\/","title":{"rendered":"Petityu UPF50+ K\u0131z \u00c7ocuk Mayo Beyaz Pembe Ye\u015fil Yaprak Desen Kolay Giyilen Cool Mayo \u015eapka Set"},"content":{"rendered":"<p><p>UPF50+ k\u0131z \u00e7ocuk mayo beyaz pembe ye\u015fil \u00e7i\u00e7ek desen kolay giyilen cool mayo \u015fapka set<\/p><\/p>","protected":false},"excerpt":{"rendered":"<p>UPF50+ k\u0131z \u00e7ocuk mayo beyaz pembe ye\u015fil \u00e7i\u00e7ek desen kolay giyilen cool mayo \u015fapka set<\/p>","protected":false},"featured_media":6620,"template":"","meta":[],"product_brand":[],"product_cat":[15,935,974],"product_tag":[],"class_list":{"0":"post-6621","1":"product","2":"type-product","3":"status-publish","4":"has-post-thumbnail","6":"product_cat-genel","7":"product_cat-kizcocuk","8":"product_cat-mayo","10":"first","11":"instock","12":"taxable","13":"shipping-taxable","14":"purchasable","15":"product-type-variable"},"_links":{"self":[{"href":"https:\/\/petityu.com\/en\/wp-json\/wp\/v2\/product\/6621","targetHints":{"allow":["GET"]}}],"collection":[{"href":"https:\/\/petityu.com\/en\/wp-json\/wp\/v2\/product"}],"about":[{"href":"https:\/\/petityu.com\/en\/wp-json\/wp\/v2\/types\/product"}],"wp:featuredmedia":[{"embeddable":true,"href":"https:\/\/petityu.com\/en\/wp-json\/wp\/v2\/media\/6620"}],"wp:attachment":[{"href":"https:\/\/petityu.com\/en\/wp-json\/wp\/v2\/media?parent=6621"}],"wp:term":[{"taxonomy":"product_brand","embeddable":true,"href":"https:\/\/petityu.com\/en\/wp-json\/wp\/v2\/product_brand?post=6621"},{"taxonomy":"product_cat","embeddable":true,"href":"https:\/\/petityu.com\/en\/wp-json\/wp\/v2\/product_cat?post=6621"},{"taxonomy":"product_tag","embeddable":true,"href":"https:\/\/petityu.com\/en\/wp-json\/wp\/v2\/product_tag?post=6621"}],"curies":[{"name":"wp","href":"https:\/\/api.w.org\/{rel}","templated":true}]}}