{"id":6626,"date":"2024-09-19T15:52:54","date_gmt":"2024-09-19T12:52:54","guid":{"rendered":"https:\/\/petityu.com\/bordomsu-kirmizi-tutu-elbise-cocuk-kina-elbisesi\/"},"modified":"2026-01-06T14:35:43","modified_gmt":"2026-01-06T11:35:43","slug":"bordomsu-kirmizi-tutu-elbise-cocuk-kina-elbisesi","status":"publish","type":"product","link":"https:\/\/petityu.com\/en\/bordomsu-kirmizi-tutu-elbise-cocuk-kina-elbisesi\/","title":{"rendered":"Petityu Bordomsu K\u0131rm\u0131z\u0131 Tutu Elbise \u00c7ocuk K\u0131na Elbisesi"},"content":{"rendered":"<p><p>Bebek ve \u00e7ocuklar i\u00e7in \u00f6zel olarak tasarlanm\u0131\u015f bordomsu k\u0131rm\u0131z\u0131 renkli tutu elbise, zarif ve \u015f\u0131k bir g\u00f6r\u00fcn\u00fcm sunar.; A-form fit kal\u0131b\u0131 ile v\u00fccuda tam otururken hareket \u00f6zg\u00fcrl\u00fc\u011f\u00fcn\u00fc k\u0131s\u0131tlamaz, \u00e7ocu\u011funuzun rahat\u00e7a oynayabilmesini sa\u011flar.; Regular boy kesimiyle standart uzunlukta olup, \u00e7ocu\u011funuzun ya\u015f\u0131na uygun \u015fekilde tasarlanm\u0131\u015ft\u0131r, b\u00f6ylece farkl\u0131 ya\u015f gruplar\u0131na hitap eder.; K\u0131na gecesi gibi \u00f6zel g\u00fcnlerde veya g\u00fcnl\u00fck kullan\u0131m i\u00e7in ideal olan bu elbise, bordomsu k\u0131rm\u0131z\u0131 rengiyle dikkat \u00e7ekici bir stil olu\u015fturur.;<\/p><\/p>","protected":false},"excerpt":{"rendered":"<p>Bebek ve \u00e7ocuklar i\u00e7in \u00f6zel olarak tasarlanm\u0131\u015f bordomsu k\u0131rm\u0131z\u0131 renkli tutu elbise, zarif ve \u015f\u0131k bir g\u00f6r\u00fcn\u00fcm sunar.; A-form fit kal\u0131b\u0131 ile v\u00fccuda tam otururken&hellip;<\/p>","protected":false},"featured_media":6625,"template":"","meta":[],"product_brand":[],"product_cat":[15,972,935],"product_tag":[],"class_list":{"0":"post-6626","1":"product","2":"type-product","3":"status-publish","4":"has-post-thumbnail","6":"product_cat-genel","7":"product_cat-elbise","8":"product_cat-kizcocuk","10":"first","11":"instock","12":"taxable","13":"shipping-taxable","14":"purchasable","15":"product-type-variable"},"_links":{"self":[{"href":"https:\/\/petityu.com\/en\/wp-json\/wp\/v2\/product\/6626","targetHints":{"allow":["GET"]}}],"collection":[{"href":"https:\/\/petityu.com\/en\/wp-json\/wp\/v2\/product"}],"about":[{"href":"https:\/\/petityu.com\/en\/wp-json\/wp\/v2\/types\/product"}],"wp:featuredmedia":[{"embeddable":true,"href":"https:\/\/petityu.com\/en\/wp-json\/wp\/v2\/media\/6625"}],"wp:attachment":[{"href":"https:\/\/petityu.com\/en\/wp-json\/wp\/v2\/media?parent=6626"}],"wp:term":[{"taxonomy":"product_brand","embeddable":true,"href":"https:\/\/petityu.com\/en\/wp-json\/wp\/v2\/product_brand?post=6626"},{"taxonomy":"product_cat","embeddable":true,"href":"https:\/\/petityu.com\/en\/wp-json\/wp\/v2\/product_cat?post=6626"},{"taxonomy":"product_tag","embeddable":true,"href":"https:\/\/petityu.com\/en\/wp-json\/wp\/v2\/product_tag?post=6626"}],"curies":[{"name":"wp","href":"https:\/\/api.w.org\/{rel}","templated":true}]}}