{"id":6638,"date":"2024-09-19T15:53:33","date_gmt":"2024-09-19T12:53:33","guid":{"rendered":"https:\/\/petityu.com\/unicorn-yagmurluk-asir-sirin-pembe-3d-yagmurluk\/"},"modified":"2026-02-26T16:31:13","modified_gmt":"2026-02-26T13:31:13","slug":"unicorn-yagmurluk-asir-sirin-pembe-3d-yagmurluk","status":"publish","type":"product","link":"https:\/\/petityu.com\/en\/unicorn-yagmurluk-asir-sirin-pembe-3d-yagmurluk\/","title":{"rendered":"Unicorn Ya\u011fmurluk A\u015f\u0131r\u0131 \u015eirin Pembe 3D Ya\u011fmurluk"},"content":{"rendered":"<p><p>Mont ustune kullan\u0131ma uygundur small 2-4 yas medium 4-6 yas large 6-8 yas (140 cm boy max)<\/p><\/p>","protected":false},"excerpt":{"rendered":"<p>Mont ustune kullan\u0131ma uygundur small 2-4 yas medium 4-6 yas large 6-8 yas (140 cm boy max)<\/p>","protected":false},"featured_media":6637,"template":"","meta":[],"product_brand":[],"product_cat":[15,935,973],"product_tag":[],"class_list":{"0":"post-6638","1":"product","2":"type-product","3":"status-publish","4":"has-post-thumbnail","6":"product_cat-genel","7":"product_cat-kizcocuk","8":"product_cat-yagmurluk-tulum-yagmur-pantalonu","10":"first","11":"instock","12":"taxable","13":"shipping-taxable","14":"purchasable","15":"product-type-variable"},"_links":{"self":[{"href":"https:\/\/petityu.com\/en\/wp-json\/wp\/v2\/product\/6638","targetHints":{"allow":["GET"]}}],"collection":[{"href":"https:\/\/petityu.com\/en\/wp-json\/wp\/v2\/product"}],"about":[{"href":"https:\/\/petityu.com\/en\/wp-json\/wp\/v2\/types\/product"}],"wp:featuredmedia":[{"embeddable":true,"href":"https:\/\/petityu.com\/en\/wp-json\/wp\/v2\/media\/6637"}],"wp:attachment":[{"href":"https:\/\/petityu.com\/en\/wp-json\/wp\/v2\/media?parent=6638"}],"wp:term":[{"taxonomy":"product_brand","embeddable":true,"href":"https:\/\/petityu.com\/en\/wp-json\/wp\/v2\/product_brand?post=6638"},{"taxonomy":"product_cat","embeddable":true,"href":"https:\/\/petityu.com\/en\/wp-json\/wp\/v2\/product_cat?post=6638"},{"taxonomy":"product_tag","embeddable":true,"href":"https:\/\/petityu.com\/en\/wp-json\/wp\/v2\/product_tag?post=6638"}],"curies":[{"name":"wp","href":"https:\/\/api.w.org\/{rel}","templated":true}]}}