{"id":6644,"date":"2024-09-19T15:53:55","date_gmt":"2024-09-19T12:53:55","guid":{"rendered":"https:\/\/petityu.com\/yuzmeye-destek-batmayan-mayo-unicorn-mint-pembe-uv-korumali-etekli-mayo\/"},"modified":"2025-08-26T12:16:38","modified_gmt":"2025-08-26T09:16:38","slug":"yuzmeye-destek-batmayan-mayo-unicorn-mint-pembe-uv-korumali-etekli-mayo","status":"publish","type":"product","link":"https:\/\/petityu.com\/en\/yuzmeye-destek-batmayan-mayo-unicorn-mint-pembe-uv-korumali-etekli-mayo\/","title":{"rendered":"y\u00fczmeye destek batmayan mayo unicorn mint pembe uv korumal\u0131 etekli mayo"},"content":{"rendered":"<p><p>Y\u00fczmeye yard\u0131mc\u0131 k\u0131z \u00e7ocuk mayo etekli tak\u0131m \u00fcst alt k\u0131z \u00e7ocuk y\u00fczmeye yard\u0131mc\u0131 mayo batmayan mayo (Ebeveyn yan\u0131nda kullan\u0131lmal\u0131d\u0131r. ; Hi\u00e7bir zaman yaln\u0131z b\u0131rak\u0131lmamal\u0131d\u0131r. ; Sadece destek ama\u00e7l\u0131 kullan\u0131ma uygundur. ; Y\u00fczme bilmeyen \u00e7ocu\u011funuzu uzak mesafede b\u0131rakmay\u0131n\u0131z. ; );<\/p><\/p>","protected":false},"excerpt":{"rendered":"<p>Y\u00fczmeye yard\u0131mc\u0131 k\u0131z \u00e7ocuk mayo etekli tak\u0131m \u00fcst alt k\u0131z \u00e7ocuk y\u00fczmeye yard\u0131mc\u0131 mayo batmayan mayo (Ebeveyn yan\u0131nda kullan\u0131lmal\u0131d\u0131r. ; Hi\u00e7bir zaman yaln\u0131z b\u0131rak\u0131lmamal\u0131d\u0131r. ;&hellip;<\/p>","protected":false},"featured_media":6643,"template":"","meta":[],"product_brand":[],"product_cat":[15,935,974],"product_tag":[],"class_list":{"0":"post-6644","1":"product","2":"type-product","3":"status-publish","4":"has-post-thumbnail","6":"product_cat-genel","7":"product_cat-kizcocuk","8":"product_cat-mayo","10":"first","11":"outofstock","12":"taxable","13":"shipping-taxable","14":"purchasable","15":"product-type-variable"},"_links":{"self":[{"href":"https:\/\/petityu.com\/en\/wp-json\/wp\/v2\/product\/6644","targetHints":{"allow":["GET"]}}],"collection":[{"href":"https:\/\/petityu.com\/en\/wp-json\/wp\/v2\/product"}],"about":[{"href":"https:\/\/petityu.com\/en\/wp-json\/wp\/v2\/types\/product"}],"wp:featuredmedia":[{"embeddable":true,"href":"https:\/\/petityu.com\/en\/wp-json\/wp\/v2\/media\/6643"}],"wp:attachment":[{"href":"https:\/\/petityu.com\/en\/wp-json\/wp\/v2\/media?parent=6644"}],"wp:term":[{"taxonomy":"product_brand","embeddable":true,"href":"https:\/\/petityu.com\/en\/wp-json\/wp\/v2\/product_brand?post=6644"},{"taxonomy":"product_cat","embeddable":true,"href":"https:\/\/petityu.com\/en\/wp-json\/wp\/v2\/product_cat?post=6644"},{"taxonomy":"product_tag","embeddable":true,"href":"https:\/\/petityu.com\/en\/wp-json\/wp\/v2\/product_tag?post=6644"}],"curies":[{"name":"wp","href":"https:\/\/api.w.org\/{rel}","templated":true}]}}